{"id":674,"date":"2025-07-08T09:19:45","date_gmt":"2025-07-08T07:19:45","guid":{"rendered":"https:\/\/www.dabox-formation.fr\/?page_id=674"},"modified":"2026-01-17T19:55:26","modified_gmt":"2026-01-17T18:55:26","slug":"mentions-legales","status":"publish","type":"page","link":"https:\/\/www.dabox-formation.fr\/fr\/mentions-legales\/","title":{"rendered":"Mentions l\u00e9gales"},"content":{"rendered":"<div data-elementor-type=\"wp-page\" data-elementor-id=\"674\" class=\"elementor elementor-674\" data-elementor-post-type=\"page\">\n\t\t\t\t\t\t<section class=\"elementor-section elementor-top-section elementor-element elementor-element-317edb0 elementor-section-boxed elementor-section-height-default elementor-section-height-default\" data-id=\"317edb0\" data-element_type=\"section\" data-e-type=\"section\" data-settings=\"{&quot;background_background&quot;:&quot;classic&quot;}\">\n\t\t\t\t\t\t\t<div class=\"elementor-background-overlay\"><\/div>\n\t\t\t\t\t\t\t<div class=\"elementor-container elementor-column-gap-default\">\n\t\t\t\t\t<div class=\"elementor-column elementor-col-100 elementor-top-column elementor-element elementor-element-7a2d724 elementor-invisible\" data-id=\"7a2d724\" data-element_type=\"column\" data-e-type=\"column\" data-settings=\"{&quot;animation&quot;:&quot;fadeInUp&quot;}\">\n\t\t\t<div class=\"elementor-widget-wrap elementor-element-populated\">\n\t\t\t\t\t\t<div class=\"elementor-element elementor-element-367add9 elementor-headline--style-highlight elementor-widget elementor-widget-animated-headline\" data-id=\"367add9\" data-element_type=\"widget\" data-e-type=\"widget\" data-settings=\"{&quot;highlighted_text&quot;:&quot;Dabox&quot;,&quot;headline_style&quot;:&quot;highlight&quot;,&quot;marker&quot;:&quot;circle&quot;,&quot;loop&quot;:&quot;yes&quot;,&quot;highlight_animation_duration&quot;:1200,&quot;highlight_iteration_delay&quot;:8000}\" data-widget_type=\"animated-headline.default\">\n\t\t\t\t\t\t\t<h3 class=\"elementor-headline\">\n\t\t\t\t\t<span class=\"elementor-headline-plain-text elementor-headline-text-wrapper\">Mentions L\u00e9gales<\/span>\n\t\t\t\t<span class=\"elementor-headline-dynamic-wrapper elementor-headline-text-wrapper\">\n\t\t\t\t\t<span class=\"elementor-headline-dynamic-text elementor-headline-text-active\">Dabox<\/span>\n\t\t\t\t<\/span>\n\t\t\t\t<\/h3>\n\t\t\t\t\t\t<\/div>\n\t\t\t\t\t<\/div>\n\t\t<\/div>\n\t\t\t\t\t<\/div>\n\t\t<\/section>\n\t\t\t\t<section class=\"elementor-section elementor-top-section elementor-element elementor-element-1e369356 elementor-section-full_width elementor-section-height-default elementor-section-height-default\" data-id=\"1e369356\" data-element_type=\"section\" data-e-type=\"section\">\n\t\t\t\t\t\t<div class=\"elementor-container elementor-column-gap-default\">\n\t\t\t\t\t<div class=\"elementor-column elementor-col-100 elementor-top-column elementor-element elementor-element-116f0eb\" data-id=\"116f0eb\" data-element_type=\"column\" data-e-type=\"column\">\n\t\t\t<div class=\"elementor-widget-wrap elementor-element-populated\">\n\t\t\t\t\t\t<div class=\"elementor-element elementor-element-172f98e elementor-widget elementor-widget-text-editor\" data-id=\"172f98e\" data-element_type=\"widget\" data-e-type=\"widget\" data-widget_type=\"text-editor.default\">\n\t\t\t\t\t\t\t\t\t<p data-start=\"237\" data-end=\"315\"><strong data-start=\"237\" data-end=\"270\">Site : <a class=\"\" href=\"http:\/\/www.dabox-formation.fr\/fr\/\" target=\"_new\" rel=\"noopener\" data-start=\"246\" data-end=\"268\">www.dabox-formation.fr<\/a><\/strong><br data-start=\"270\" data-end=\"273\" \/><strong data-start=\"273\" data-end=\"315\">Derni\u00e8re mise \u00e0 jour : 08 juillet 2025<\/strong><\/p><hr data-start=\"317\" data-end=\"320\" \/><p data-start=\"322\" data-end=\"666\"><strong data-start=\"322\" data-end=\"344\">1. \u00c9diteur du site<\/strong><\/p><p data-start=\"322\" data-end=\"666\"><br data-start=\"344\" data-end=\"347\" \/>Le pr\u00e9sent site est \u00e9dit\u00e9 par :<br data-start=\"378\" data-end=\"381\" \/><strong data-start=\"381\" data-end=\"405\">Assita D. \u2013 DABOX<\/strong><br data-start=\"405\" data-end=\"408\" \/>Entreprise individuelle immatricul\u00e9e sous le num\u00e9ro <strong data-start=\"460\" data-end=\"487\">SIRET 834 848 608 00024<\/strong><br data-start=\"487\" data-end=\"490\" \/>Adresse : <strong data-start=\"500\" data-end=\"561\">93100 Montreuil \u2013 France<\/strong><br data-start=\"561\" data-end=\"564\" \/>Adresse e-mail : <strong data-start=\"581\" data-end=\"611\"><a class=\"cursor-pointer\" rel=\"noopener\" data-start=\"583\" data-end=\"609\">contact@dabox-formation.fr<\/a><\/strong><br data-start=\"611\" data-end=\"614\" \/>Num\u00e9ro de TVA intracommunautaire : <strong data-start=\"649\" data-end=\"666\">FR16834848608<\/strong><\/p><hr data-start=\"668\" data-end=\"671\" \/><p data-start=\"673\" data-end=\"985\"><strong data-start=\"673\" data-end=\"699\">2. H\u00e9bergement du site<\/strong><\/p><p data-start=\"673\" data-end=\"985\"><br data-start=\"699\" data-end=\"702\" \/>Le site est h\u00e9berg\u00e9 par : <strong data-start=\"730\" data-end=\"742\">o2switch<\/strong><br data-start=\"742\" data-end=\"745\" \/>SAS au capital de 100 000 \u20ac<br data-start=\"772\" data-end=\"775\" \/>RCS Clermont-Ferrand : 510 909 807<br data-start=\"809\" data-end=\"812\" \/>Adresse : <strong data-start=\"822\" data-end=\"889\">222 Boulevard Gustave Flaubert, 63000 Clermont-Ferrand \u2013 France<\/strong><br data-start=\"889\" data-end=\"892\" \/>T\u00e9l\u00e9phone : <strong data-start=\"904\" data-end=\"925\">+33 4 44 44 60 40<\/strong><br data-start=\"925\" data-end=\"928\" \/>Site : <a class=\"\" href=\"https:\/\/www.o2switch.fr\" target=\"_new\" rel=\"noopener\" data-start=\"935\" data-end=\"985\">https:\/\/www.o2switch.fr<\/a><\/p><hr data-start=\"987\" data-end=\"990\" \/><p data-start=\"992\" data-end=\"1080\"><strong data-start=\"992\" data-end=\"1025\">3. Responsable de publication<\/strong><\/p><p data-start=\"992\" data-end=\"1080\"><br data-start=\"1025\" data-end=\"1028\" \/><strong data-start=\"1028\" data-end=\"1044\">Assita DIABY<\/strong>, en qualit\u00e9 de fondatrice de DABOX.<\/p><hr data-start=\"1082\" data-end=\"1085\" \/><p data-start=\"1087\" data-end=\"1571\"><strong data-start=\"1087\" data-end=\"1118\">4. Propri\u00e9t\u00e9 intellectuelle<\/strong><\/p><p data-start=\"1087\" data-end=\"1571\"><br data-start=\"1118\" data-end=\"1121\" \/>L\u2019ensemble des contenus pr\u00e9sents sur le site (textes, images, graphismes, vid\u00e9os, logos, documents t\u00e9l\u00e9chargeables, etc.) est la propri\u00e9t\u00e9 exclusive de <strong data-start=\"1273\" data-end=\"1282\">DABOX<\/strong> ou fait l\u2019objet d\u2019un droit d\u2019utilisation sp\u00e9cifique.<br data-start=\"1335\" data-end=\"1338\" \/>Toute reproduction, repr\u00e9sentation, modification, publication, transmission, d\u00e9naturation, totale ou partielle du site ou de son contenu, par quelque proc\u00e9d\u00e9 que ce soit, sans autorisation pr\u00e9alable \u00e9crite, est strictement interdite.<\/p><hr data-start=\"1573\" data-end=\"1576\" \/><p data-start=\"1578\" data-end=\"2098\"><strong data-start=\"1578\" data-end=\"1605\">5. Donn\u00e9es personnelles<\/strong><\/p><p data-start=\"1578\" data-end=\"2098\"><br data-start=\"1605\" data-end=\"1608\" \/>Les informations collect\u00e9es via les formulaires pr\u00e9sents sur le site sont n\u00e9cessaires pour le traitement des demandes (commandes, inscriptions, contacts) et sont r\u00e9serv\u00e9es \u00e0 un usage strictement interne.<br data-start=\"1811\" data-end=\"1814\" \/>Conform\u00e9ment au <strong data-start=\"1830\" data-end=\"1888\">R\u00e8glement G\u00e9n\u00e9ral sur la Protection des Donn\u00e9es (RGPD)<\/strong>, vous disposez d\u2019un droit d\u2019acc\u00e8s, de rectification, de suppression et d\u2019opposition au traitement de vos donn\u00e9es.<br data-start=\"2002\" data-end=\"2005\" \/>Vous pouvez exercer ce droit en adressant une demande \u00e0 :<br data-start=\"2062\" data-end=\"2065\" \/>\ud83d\udce7 <strong data-start=\"2068\" data-end=\"2098\"><a class=\"cursor-pointer\" href=\"mailto:contact@dabox-formation.fr\" rel=\"noopener\" data-start=\"2070\" data-end=\"2096\">contact@dabox-formation.fr<\/a><\/strong><\/p><p data-start=\"2100\" data-end=\"2175\">Pour en savoir plus, consultez notre <a href=\"https:\/\/www.dabox-formation.fr\/fr\/declaration-de-confidentialite\/\"><strong data-start=\"2137\" data-end=\"2174\">Politique de confidentialit\u00e9<\/strong>.<\/a><\/p><hr data-start=\"2177\" data-end=\"2180\" \/><p data-start=\"2182\" data-end=\"2542\"><strong data-start=\"2182\" data-end=\"2196\">6. Cookies<\/strong><\/p><p data-start=\"2182\" data-end=\"2542\"><br data-start=\"2196\" data-end=\"2199\" \/>Le site peut d\u00e9poser des cookies sur votre appareil pour am\u00e9liorer votre exp\u00e9rience utilisateur, mesurer l\u2019audience ou vous proposer des contenus adapt\u00e9s \u00e0 vos centres d\u2019int\u00e9r\u00eat.<br data-start=\"2377\" data-end=\"2380\" \/>Vous pouvez g\u00e9rer vos pr\u00e9f\u00e9rences de cookies \u00e0 tout moment via le bandeau pr\u00e9vu \u00e0 cet effet.<br data-start=\"2472\" data-end=\"2475\" \/>Pour en savoir plus, consultez notre <strong data-start=\"2512\" data-end=\"2541\"><a class=\"\" href=\"#\" rel=\"noopener\" data-start=\"2514\" data-end=\"2539\">Politique de cookies<\/a><\/strong>.<\/p><hr data-start=\"2544\" data-end=\"2547\" \/><p data-start=\"2549\" data-end=\"2728\"><strong data-start=\"2549\" data-end=\"2573\">7. Liens hypertextes<\/strong><\/p><p data-start=\"2549\" data-end=\"2728\"><br data-start=\"2573\" data-end=\"2576\" \/>Le site peut contenir des liens vers d\u2019autres sites. DABOX n\u2019est pas responsable du contenu ou de la politique de confidentialit\u00e9 de ces sites externes.<\/p><hr data-start=\"2730\" data-end=\"2733\" \/><p data-start=\"2735\" data-end=\"2918\"><strong data-start=\"2735\" data-end=\"2758\">8. Droit applicable<\/strong><\/p><p data-start=\"2735\" data-end=\"2918\"><br data-start=\"2758\" data-end=\"2761\" \/>Les pr\u00e9sentes mentions l\u00e9gales sont r\u00e9gies par le droit fran\u00e7ais. Tout litige relatif \u00e0 leur interpr\u00e9tation ou ex\u00e9cution rel\u00e8ve des juridictions comp\u00e9tentes.<\/p><p data-start=\"2735\" data-end=\"2918\">\u00a0<\/p>\t\t\t\t\t\t\t\t<\/div>\n\t\t\t\t\t<\/div>\n\t\t<\/div>\n\t\t\t\t\t<\/div>\n\t\t<\/section>\n\t\t\t\t<\/div>","protected":false},"excerpt":{"rendered":"<p>Mentions L\u00e9gales Dabox Site : www.dabox-formation.frDerni\u00e8re mise \u00e0 jour : 08 juillet 2025 1. \u00c9diteur du site Le pr\u00e9sent site [&hellip;]<\/p>","protected":false},"author":1,"featured_media":0,"parent":0,"menu_order":0,"comment_status":"closed","ping_status":"closed","template":"elementor_header_footer","meta":{"site-sidebar-layout":"default","site-content-layout":"","ast-site-content-layout":"full-width-container","site-content-style":"default","site-sidebar-style":"default","ast-global-header-display":"","ast-banner-title-visibility":"","ast-main-header-display":"","ast-hfb-above-header-display":"","ast-hfb-below-header-display":"","ast-hfb-mobile-header-display":"","site-post-title":"","ast-breadcrumbs-content":"","ast-featured-img":"","footer-sml-layout":"","ast-disable-related-posts":"","theme-transparent-header-meta":"","adv-header-id-meta":"","stick-header-meta":"","header-above-stick-meta":"","header-main-stick-meta":"","header-below-stick-meta":"","astra-migrate-meta-layouts":"default","ast-page-background-enabled":"default","ast-page-background-meta":{"desktop":{"background-color":"var(--ast-global-color-5)","background-image":"","background-repeat":"repeat","background-position":"center center","background-size":"auto","background-attachment":"scroll","background-type":"","background-media":"","overlay-type":"","overlay-color":"","overlay-opacity":"","overlay-gradient":""},"tablet":{"background-color":"","background-image":"","background-repeat":"repeat","background-position":"center center","background-size":"auto","background-attachment":"scroll","background-type":"","background-media":"","overlay-type":"","overlay-color":"","overlay-opacity":"","overlay-gradient":""},"mobile":{"background-color":"","background-image":"","background-repeat":"repeat","background-position":"center center","background-size":"auto","background-attachment":"scroll","background-type":"","background-media":"","overlay-type":"","overlay-color":"","overlay-opacity":"","overlay-gradient":""}},"ast-content-background-meta":{"desktop":{"background-color":"var(--ast-global-color-4)","background-image":"","background-repeat":"repeat","background-position":"center center","background-size":"auto","background-attachment":"scroll","background-type":"","background-media":"","overlay-type":"","overlay-color":"","overlay-opacity":"","overlay-gradient":""},"tablet":{"background-color":"var(--ast-global-color-4)","background-image":"","background-repeat":"repeat","background-position":"center center","background-size":"auto","background-attachment":"scroll","background-type":"","background-media":"","overlay-type":"","overlay-color":"","overlay-opacity":"","overlay-gradient":""},"mobile":{"background-color":"var(--ast-global-color-4)","background-image":"","background-repeat":"repeat","background-position":"center center","background-size":"auto","background-attachment":"scroll","background-type":"","background-media":"","overlay-type":"","overlay-color":"","overlay-opacity":"","overlay-gradient":""}},"footnotes":""},"class_list":["post-674","page","type-page","status-publish","hentry"],"yoast_head":"<!-- This site is optimized with the Yoast SEO Premium plugin v25.0 (Yoast SEO v27.5) - https:\/\/yoast.com\/product\/yoast-seo-premium-wordpress\/ -->\n<title>Mentions l\u00e9gales - Dabox Formation | Formation Papeterie Personnalis\u00e9e &amp; Sweet Table DIY<\/title>\n<meta name=\"robots\" content=\"index, follow, max-snippet:-1, max-image-preview:large, max-video-preview:-1\" \/>\n<link rel=\"canonical\" href=\"https:\/\/www.dabox-formation.fr\/fr\/mentions-legales\/\" \/>\n<meta property=\"og:locale\" content=\"fr_FR\" \/>\n<meta property=\"og:type\" content=\"article\" \/>\n<meta property=\"og:title\" content=\"Mentions l\u00e9gales\" \/>\n<meta property=\"og:description\" content=\"Mentions L\u00e9gales Dabox Site : www.dabox-formation.frDerni\u00e8re mise \u00e0 jour : 08 juillet 2025 1. \u00c9diteur du site Le pr\u00e9sent site [&hellip;]\" \/>\n<meta property=\"og:url\" content=\"https:\/\/www.dabox-formation.fr\/fr\/mentions-legales\/\" \/>\n<meta property=\"og:site_name\" content=\"Dabox Formation | Formation Papeterie Personnalis\u00e9e &amp; Sweet Table DIY\" \/>\n<meta property=\"article:modified_time\" content=\"2026-01-17T18:55:26+00:00\" \/>\n<meta name=\"twitter:card\" content=\"summary_large_image\" \/>\n<meta name=\"twitter:label1\" content=\"Dur\u00e9e de lecture est.\" \/>\n\t<meta name=\"twitter:data1\" content=\"2 minutes\" \/>\n<script type=\"application\/ld+json\" class=\"yoast-schema-graph\">{\"@context\":\"https:\\\/\\\/schema.org\",\"@graph\":[{\"@type\":\"WebPage\",\"@id\":\"https:\\\/\\\/www.dabox-formation.fr\\\/mentions-legales\\\/\",\"url\":\"https:\\\/\\\/www.dabox-formation.fr\\\/mentions-legales\\\/\",\"name\":\"Mentions l\u00e9gales - Dabox Formation | Formation Papeterie Personnalis\u00e9e &amp; Sweet Table DIY\",\"isPartOf\":{\"@id\":\"https:\\\/\\\/www.dabox-formation.fr\\\/#website\"},\"datePublished\":\"2025-07-08T07:19:45+00:00\",\"dateModified\":\"2026-01-17T18:55:26+00:00\",\"breadcrumb\":{\"@id\":\"https:\\\/\\\/www.dabox-formation.fr\\\/mentions-legales\\\/#breadcrumb\"},\"inLanguage\":\"fr-BE\",\"potentialAction\":[{\"@type\":\"ReadAction\",\"target\":[\"https:\\\/\\\/www.dabox-formation.fr\\\/mentions-legales\\\/\"]}]},{\"@type\":\"BreadcrumbList\",\"@id\":\"https:\\\/\\\/www.dabox-formation.fr\\\/mentions-legales\\\/#breadcrumb\",\"itemListElement\":[{\"@type\":\"ListItem\",\"position\":1,\"name\":\"Accueil\",\"item\":\"https:\\\/\\\/www.dabox-formation.fr\\\/\"},{\"@type\":\"ListItem\",\"position\":2,\"name\":\"Mentions l\u00e9gales\"}]},{\"@type\":\"WebSite\",\"@id\":\"https:\\\/\\\/www.dabox-formation.fr\\\/#website\",\"url\":\"https:\\\/\\\/www.dabox-formation.fr\\\/\",\"name\":\"Dabox Formation | Formation Papeterie Personnalis\u00e9e &amp; Sweet Table DIY\",\"description\":\"De Ta Passion \u00e0 Ton Activit\u00e9 Papeterie Rentable\",\"publisher\":{\"@id\":\"https:\\\/\\\/www.dabox-formation.fr\\\/#organization\"},\"potentialAction\":[{\"@type\":\"SearchAction\",\"target\":{\"@type\":\"EntryPoint\",\"urlTemplate\":\"https:\\\/\\\/www.dabox-formation.fr\\\/?s={search_term_string}\"},\"query-input\":{\"@type\":\"PropertyValueSpecification\",\"valueRequired\":true,\"valueName\":\"search_term_string\"}}],\"inLanguage\":\"fr-BE\"},{\"@type\":\"Organization\",\"@id\":\"https:\\\/\\\/www.dabox-formation.fr\\\/#organization\",\"name\":\"Dabox Formation | Formation Papeterie Personnalis\u00e9e &amp; Sweet Table DIY\",\"url\":\"https:\\\/\\\/www.dabox-formation.fr\\\/\",\"logo\":{\"@type\":\"ImageObject\",\"inLanguage\":\"fr-BE\",\"@id\":\"https:\\\/\\\/www.dabox-formation.fr\\\/#\\\/schema\\\/logo\\\/image\\\/\",\"url\":\"https:\\\/\\\/www.dabox-formation.fr\\\/wp-content\\\/uploads\\\/2025\\\/07\\\/Dabox-Logo-mauve-350x100-1.png\",\"contentUrl\":\"https:\\\/\\\/www.dabox-formation.fr\\\/wp-content\\\/uploads\\\/2025\\\/07\\\/Dabox-Logo-mauve-350x100-1.png\",\"width\":350,\"height\":100,\"caption\":\"Dabox Formation | Formation Papeterie Personnalis\u00e9e &amp; Sweet Table DIY\"},\"image\":{\"@id\":\"https:\\\/\\\/www.dabox-formation.fr\\\/#\\\/schema\\\/logo\\\/image\\\/\"}}]}<\/script>\n<!-- \/ Yoast SEO Premium plugin. -->","yoast_head_json":{"title":"Mentions l\u00e9gales - Dabox Formation | Formation Papeterie Personnalis\u00e9e &amp; Sweet Table DIY","robots":{"index":"index","follow":"follow","max-snippet":"max-snippet:-1","max-image-preview":"max-image-preview:large","max-video-preview":"max-video-preview:-1"},"canonical":"https:\/\/www.dabox-formation.fr\/fr\/mentions-legales\/","og_locale":"fr_FR","og_type":"article","og_title":"Mentions l\u00e9gales","og_description":"Mentions L\u00e9gales Dabox Site : www.dabox-formation.frDerni\u00e8re mise \u00e0 jour : 08 juillet 2025 1. \u00c9diteur du site Le pr\u00e9sent site [&hellip;]","og_url":"https:\/\/www.dabox-formation.fr\/fr\/mentions-legales\/","og_site_name":"Dabox Formation | Formation Papeterie Personnalis\u00e9e &amp; Sweet Table DIY","article_modified_time":"2026-01-17T18:55:26+00:00","twitter_card":"summary_large_image","twitter_misc":{"Dur\u00e9e de lecture est.":"2 minutes"},"schema":{"@context":"https:\/\/schema.org","@graph":[{"@type":"WebPage","@id":"https:\/\/www.dabox-formation.fr\/mentions-legales\/","url":"https:\/\/www.dabox-formation.fr\/mentions-legales\/","name":"Mentions l\u00e9gales - Dabox Formation | Formation Papeterie Personnalis\u00e9e &amp; Sweet Table DIY","isPartOf":{"@id":"https:\/\/www.dabox-formation.fr\/#website"},"datePublished":"2025-07-08T07:19:45+00:00","dateModified":"2026-01-17T18:55:26+00:00","breadcrumb":{"@id":"https:\/\/www.dabox-formation.fr\/mentions-legales\/#breadcrumb"},"inLanguage":"fr-BE","potentialAction":[{"@type":"ReadAction","target":["https:\/\/www.dabox-formation.fr\/mentions-legales\/"]}]},{"@type":"BreadcrumbList","@id":"https:\/\/www.dabox-formation.fr\/mentions-legales\/#breadcrumb","itemListElement":[{"@type":"ListItem","position":1,"name":"Accueil","item":"https:\/\/www.dabox-formation.fr\/"},{"@type":"ListItem","position":2,"name":"Mentions l\u00e9gales"}]},{"@type":"WebSite","@id":"https:\/\/www.dabox-formation.fr\/#website","url":"https:\/\/www.dabox-formation.fr\/","name":"Dabox Formation | Formation Papeterie Personnalis\u00e9e &amp; Sweet Table DIY","description":"De Ta Passion \u00e0 Ton Activit\u00e9 Papeterie Rentable","publisher":{"@id":"https:\/\/www.dabox-formation.fr\/#organization"},"potentialAction":[{"@type":"SearchAction","target":{"@type":"EntryPoint","urlTemplate":"https:\/\/www.dabox-formation.fr\/?s={search_term_string}"},"query-input":{"@type":"PropertyValueSpecification","valueRequired":true,"valueName":"search_term_string"}}],"inLanguage":"fr-BE"},{"@type":"Organization","@id":"https:\/\/www.dabox-formation.fr\/#organization","name":"Dabox Formation | Formation Papeterie Personnalis\u00e9e &amp; Sweet Table DIY","url":"https:\/\/www.dabox-formation.fr\/","logo":{"@type":"ImageObject","inLanguage":"fr-BE","@id":"https:\/\/www.dabox-formation.fr\/#\/schema\/logo\/image\/","url":"https:\/\/www.dabox-formation.fr\/wp-content\/uploads\/2025\/07\/Dabox-Logo-mauve-350x100-1.png","contentUrl":"https:\/\/www.dabox-formation.fr\/wp-content\/uploads\/2025\/07\/Dabox-Logo-mauve-350x100-1.png","width":350,"height":100,"caption":"Dabox Formation | Formation Papeterie Personnalis\u00e9e &amp; Sweet Table DIY"},"image":{"@id":"https:\/\/www.dabox-formation.fr\/#\/schema\/logo\/image\/"}}]}},"_links":{"self":[{"href":"https:\/\/www.dabox-formation.fr\/fr\/wp-json\/wp\/v2\/pages\/674","targetHints":{"allow":["GET"]}}],"collection":[{"href":"https:\/\/www.dabox-formation.fr\/fr\/wp-json\/wp\/v2\/pages"}],"about":[{"href":"https:\/\/www.dabox-formation.fr\/fr\/wp-json\/wp\/v2\/types\/page"}],"author":[{"embeddable":true,"href":"https:\/\/www.dabox-formation.fr\/fr\/wp-json\/wp\/v2\/users\/1"}],"replies":[{"embeddable":true,"href":"https:\/\/www.dabox-formation.fr\/fr\/wp-json\/wp\/v2\/comments?post=674"}],"version-history":[{"count":1,"href":"https:\/\/www.dabox-formation.fr\/fr\/wp-json\/wp\/v2\/pages\/674\/revisions"}],"predecessor-version":[{"id":6150,"href":"https:\/\/www.dabox-formation.fr\/fr\/wp-json\/wp\/v2\/pages\/674\/revisions\/6150"}],"wp:attachment":[{"href":"https:\/\/www.dabox-formation.fr\/fr\/wp-json\/wp\/v2\/media?parent=674"}],"curies":[{"name":"wp","href":"https:\/\/api.w.org\/{rel}","templated":true}]}}