{"id":4810,"date":"2025-10-31T16:00:53","date_gmt":"2025-10-31T15:00:53","guid":{"rendered":"https:\/\/www.dabox-formation.fr\/cours\/"},"modified":"2025-12-21T01:08:53","modified_gmt":"2025-12-21T00:08:53","slug":"cours","status":"publish","type":"page","link":"https:\/\/www.dabox-formation.fr\/fr\/cours\/","title":{"rendered":"Tous Nos Cours"},"content":{"rendered":"<div data-elementor-type=\"wp-page\" data-elementor-id=\"4810\" class=\"elementor elementor-4810\" data-elementor-post-type=\"page\">\n\t\t\t\t<div class=\"elementor-element elementor-element-4ba30a9b e-flex e-con-boxed e-con e-parent\" data-id=\"4ba30a9b\" data-element_type=\"container\" data-e-type=\"container\" data-settings=\"{&quot;background_background&quot;:&quot;classic&quot;}\">\n\t\t\t\t\t<div class=\"e-con-inner\">\n\t\t\t\t<div class=\"elementor-element elementor-element-65bff0a elementor-widget elementor-widget-spacer\" data-id=\"65bff0a\" data-element_type=\"widget\" data-e-type=\"widget\" data-widget_type=\"spacer.default\">\n\t\t\t\t\t\t\t<div class=\"elementor-spacer\">\n\t\t\t<div class=\"elementor-spacer-inner\"><\/div>\n\t\t<\/div>\n\t\t\t\t\t\t<\/div>\n\t\t\t\t<div class=\"elementor-element elementor-element-48c0af12 elementor-invisible elementor-widget elementor-widget-heading\" data-id=\"48c0af12\" data-element_type=\"widget\" data-e-type=\"widget\" data-settings=\"{&quot;_animation&quot;:&quot;fadeIn&quot;,&quot;_animation_delay&quot;:300}\" data-widget_type=\"heading.default\">\n\t\t\t\t\t<h2 class=\"elementor-heading-title elementor-size-default\">Toutes nos Formations <\/h2>\t\t\t\t<\/div>\n\t\t\t\t<div class=\"elementor-element elementor-element-1c0bf4ff elementor-hidden-mobile elementor-widget elementor-widget-spacer\" data-id=\"1c0bf4ff\" data-element_type=\"widget\" data-e-type=\"widget\" data-widget_type=\"spacer.default\">\n\t\t\t\t\t\t\t<div class=\"elementor-spacer\">\n\t\t\t<div class=\"elementor-spacer-inner\"><\/div>\n\t\t<\/div>\n\t\t\t\t\t\t<\/div>\n\t\t\t\t\t<\/div>\n\t\t\t\t<\/div>\n\t\t<div class=\"elementor-element elementor-element-d3cff4a e-flex e-con-boxed e-con e-parent\" data-id=\"d3cff4a\" data-element_type=\"container\" data-e-type=\"container\" data-settings=\"{&quot;background_background&quot;:&quot;classic&quot;}\">\n\t\t\t\t\t<div class=\"e-con-inner\">\n\t\t<div class=\"elementor-element elementor-element-dc695cb e-con-full e-flex elementor-invisible e-con e-child\" data-id=\"dc695cb\" data-element_type=\"container\" data-e-type=\"container\" data-settings=\"{&quot;background_background&quot;:&quot;classic&quot;,&quot;animation&quot;:&quot;fadeInUp&quot;,&quot;animation_delay&quot;:350}\">\n\t\t\t\t<div class=\"elementor-element elementor-element-c0b3863 elementor-widget elementor-widget-image\" data-id=\"c0b3863\" data-element_type=\"widget\" data-e-type=\"widget\" data-widget_type=\"image.default\">\n\t\t\t\t\t\t\t\t\t\t\t\t\t\t\t<img fetchpriority=\"high\" decoding=\"async\" width=\"1024\" height=\"576\" src=\"https:\/\/www.dabox-formation.fr\/wp-content\/uploads\/2025\/11\/masterclass-papeterie-sans-machine-1024x576.jpeg\" class=\"attachment-large size-large wp-image-5415\" alt=\"\" srcset=\"https:\/\/www.dabox-formation.fr\/wp-content\/uploads\/2025\/11\/masterclass-papeterie-sans-machine-1024x576.jpeg 1024w, https:\/\/www.dabox-formation.fr\/wp-content\/uploads\/2025\/11\/masterclass-papeterie-sans-machine-600x338.jpeg 600w, https:\/\/www.dabox-formation.fr\/wp-content\/uploads\/2025\/11\/masterclass-papeterie-sans-machine-300x169.jpeg 300w, https:\/\/www.dabox-formation.fr\/wp-content\/uploads\/2025\/11\/masterclass-papeterie-sans-machine-768x432.jpeg 768w, https:\/\/www.dabox-formation.fr\/wp-content\/uploads\/2025\/11\/masterclass-papeterie-sans-machine.jpeg 1280w\" sizes=\"(max-width: 1024px) 100vw, 1024px\" \/>\t\t\t\t\t\t\t\t\t\t\t\t\t\t\t<\/div>\n\t\t\t\t<div class=\"elementor-element elementor-element-8065113 elementor-absolute elementor-align-right elementor-widget elementor-widget-button\" data-id=\"8065113\" data-element_type=\"widget\" data-e-type=\"widget\" data-settings=\"{&quot;_position&quot;:&quot;absolute&quot;}\" data-widget_type=\"button.default\">\n\t\t\t\t\t\t\t\t\t\t<a class=\"elementor-button elementor-size-sm\" role=\"button\">\n\t\t\t\t\t\t<span class=\"elementor-button-content-wrapper\">\n\t\t\t\t\t\t\t\t\t<span class=\"elementor-button-text\">Promo 250\u20ac<\/span>\n\t\t\t\t\t<\/span>\n\t\t\t\t\t<\/a>\n\t\t\t\t\t\t\t\t<\/div>\n\t\t\t\t<div class=\"elementor-element elementor-element-1c8f62b elementor-widget elementor-widget-heading\" data-id=\"1c8f62b\" data-element_type=\"widget\" data-e-type=\"widget\" data-widget_type=\"heading.default\">\n\t\t\t\t\t<h2 class=\"elementor-heading-title elementor-size-default\">Masterclass Papeterie Personnalis\u00e9e Sans Machine : En ligne (23 Modules)<\/h2>\t\t\t\t<\/div>\n\t\t\t\t<div class=\"elementor-element elementor-element-3b9f7d4 elementor-widget elementor-widget-text-editor\" data-id=\"3b9f7d4\" data-element_type=\"widget\" data-e-type=\"widget\" data-widget_type=\"text-editor.default\">\n\t\t\t\t\t\t\t\t\t<p><del>270,00 \u20ac<\/del> <strong>250,00 \u20ac<\/strong><\/p>\t\t\t\t\t\t\t\t<\/div>\n\t\t\t\t<div class=\"elementor-element elementor-element-7b03aab elementor-align-justify elementor-widget elementor-widget-button\" data-id=\"7b03aab\" data-element_type=\"widget\" data-e-type=\"widget\" data-widget_type=\"button.default\">\n\t\t\t\t\t\t\t\t\t\t<a class=\"elementor-button elementor-button-link elementor-size-sm\" href=\"https:\/\/www.dabox-formation.fr\/fr\/masterclass-papeterie-personnalisee-sans-machine-en-ligne-23-modules\/\" target=\"_blank\">\n\t\t\t\t\t\t<span class=\"elementor-button-content-wrapper\">\n\t\t\t\t\t\t\t\t\t<span class=\"elementor-button-text\">D\u00e9couvrir le Cours<\/span>\n\t\t\t\t\t<\/span>\n\t\t\t\t\t<\/a>\n\t\t\t\t\t\t\t\t<\/div>\n\t\t\t\t<\/div>\n\t\t<div class=\"elementor-element elementor-element-407a3ba e-con-full e-flex elementor-invisible e-con e-child\" data-id=\"407a3ba\" data-element_type=\"container\" data-e-type=\"container\" data-settings=\"{&quot;background_background&quot;:&quot;classic&quot;,&quot;animation&quot;:&quot;fadeInUp&quot;,&quot;animation_delay&quot;:1150}\">\n\t\t\t\t<div class=\"elementor-element elementor-element-b07098c elementor-widget elementor-widget-image\" data-id=\"b07098c\" data-element_type=\"widget\" data-e-type=\"widget\" data-widget_type=\"image.default\">\n\t\t\t\t\t\t\t\t\t\t\t\t\t\t\t<img decoding=\"async\" width=\"1024\" height=\"576\" src=\"https:\/\/www.dabox-formation.fr\/wp-content\/uploads\/2025\/11\/Formation-Papeterie-sans-Machine-de-Decoupe-\u2013-Presentiel-2-jours-1024x576.jpeg\" class=\"attachment-large size-large wp-image-5413\" alt=\"miniature Formation Papeterie sans Machine de De\u0301coupe \u2013 Pre\u0301sentiel (2 jours)\" srcset=\"https:\/\/www.dabox-formation.fr\/wp-content\/uploads\/2025\/11\/Formation-Papeterie-sans-Machine-de-Decoupe-\u2013-Presentiel-2-jours-1024x576.jpeg 1024w, https:\/\/www.dabox-formation.fr\/wp-content\/uploads\/2025\/11\/Formation-Papeterie-sans-Machine-de-Decoupe-\u2013-Presentiel-2-jours-600x338.jpeg 600w, https:\/\/www.dabox-formation.fr\/wp-content\/uploads\/2025\/11\/Formation-Papeterie-sans-Machine-de-Decoupe-\u2013-Presentiel-2-jours-300x169.jpeg 300w, https:\/\/www.dabox-formation.fr\/wp-content\/uploads\/2025\/11\/Formation-Papeterie-sans-Machine-de-Decoupe-\u2013-Presentiel-2-jours-768x432.jpeg 768w, https:\/\/www.dabox-formation.fr\/wp-content\/uploads\/2025\/11\/Formation-Papeterie-sans-Machine-de-Decoupe-\u2013-Presentiel-2-jours.jpeg 1280w\" sizes=\"(max-width: 1024px) 100vw, 1024px\" \/>\t\t\t\t\t\t\t\t\t\t\t\t\t\t\t<\/div>\n\t\t\t\t<div class=\"elementor-element elementor-element-6456f92 elementor-absolute elementor-align-right elementor-widget elementor-widget-button\" data-id=\"6456f92\" data-element_type=\"widget\" data-e-type=\"widget\" data-settings=\"{&quot;_position&quot;:&quot;absolute&quot;}\" data-widget_type=\"button.default\">\n\t\t\t\t\t\t\t\t\t\t<a class=\"elementor-button elementor-size-sm\" role=\"button\">\n\t\t\t\t\t\t<span class=\"elementor-button-content-wrapper\">\n\t\t\t\t\t\t\t\t\t<span class=\"elementor-button-text\">Promo 350\u20ac<\/span>\n\t\t\t\t\t<\/span>\n\t\t\t\t\t<\/a>\n\t\t\t\t\t\t\t\t<\/div>\n\t\t\t\t<div class=\"elementor-element elementor-element-2c5aa1f elementor-widget elementor-widget-heading\" data-id=\"2c5aa1f\" data-element_type=\"widget\" data-e-type=\"widget\" data-widget_type=\"heading.default\">\n\t\t\t\t\t<h2 class=\"elementor-heading-title elementor-size-default\">Formation Papeterie sans Machine de D\u00e9coupe \u2013 Pr\u00e9sentiel 24 &amp; 25 janvier 2026 (8 Places)<\/h2>\t\t\t\t<\/div>\n\t\t\t\t<div class=\"elementor-element elementor-element-a9c9d5c elementor-widget elementor-widget-text-editor\" data-id=\"a9c9d5c\" data-element_type=\"widget\" data-e-type=\"widget\" data-widget_type=\"text-editor.default\">\n\t\t\t\t\t\t\t\t\t<del>450,00 \u20ac<\/del>\n <strong>350,00 \u20ac<\/strong>\t\t\t\t\t\t\t\t<\/div>\n\t\t\t\t<div class=\"elementor-element elementor-element-2329fb4 elementor-align-justify elementor-widget elementor-widget-button\" data-id=\"2329fb4\" data-element_type=\"widget\" data-e-type=\"widget\" data-widget_type=\"button.default\">\n\t\t\t\t\t\t\t\t\t\t<a class=\"elementor-button elementor-button-link elementor-size-sm\" href=\"https:\/\/www.dabox-formation.fr\/fr\/formation-papeterie-sans-machine-de-decoupe-presentiel-24-25-janvier-2026-8-places\/\" target=\"_blank\">\n\t\t\t\t\t\t<span class=\"elementor-button-content-wrapper\">\n\t\t\t\t\t\t\t\t\t<span class=\"elementor-button-text\">D\u00e9couvrir le Cours<\/span>\n\t\t\t\t\t<\/span>\n\t\t\t\t\t<\/a>\n\t\t\t\t\t\t\t\t<\/div>\n\t\t\t\t<\/div>\n\t\t<div class=\"elementor-element elementor-element-4158ba7 e-con-full e-flex e-con e-child\" data-id=\"4158ba7\" data-element_type=\"container\" data-e-type=\"container\" data-settings=\"{&quot;background_background&quot;:&quot;classic&quot;}\">\n\t\t\t\t<\/div>\n\t\t\t\t\t<\/div>\n\t\t\t\t<\/div>\n\t\t<div class=\"elementor-element elementor-element-51d4697 e-flex e-con-boxed e-con e-parent\" data-id=\"51d4697\" data-element_type=\"container\" data-e-type=\"container\" data-settings=\"{&quot;background_background&quot;:&quot;classic&quot;}\">\n\t\t\t\t\t<div class=\"e-con-inner\">\n\t\t\t\t<div class=\"elementor-element elementor-element-3098404 elementor-widget elementor-widget-spacer\" data-id=\"3098404\" data-element_type=\"widget\" data-e-type=\"widget\" data-widget_type=\"spacer.default\">\n\t\t\t\t\t\t\t<div class=\"elementor-spacer\">\n\t\t\t<div class=\"elementor-spacer-inner\"><\/div>\n\t\t<\/div>\n\t\t\t\t\t\t<\/div>\n\t\t\t\t\t<\/div>\n\t\t\t\t<\/div>\n\t\t\t\t<\/div>","protected":false},"excerpt":{"rendered":"<p>Toutes nos Formations Promo 250\u20ac Masterclass Papeterie Personnalis\u00e9e Sans Machine : En ligne (23 Modules) 270,00 \u20ac 250,00 \u20ac D\u00e9couvrir [&hellip;]<\/p>","protected":false},"author":1,"featured_media":0,"parent":0,"menu_order":0,"comment_status":"closed","ping_status":"closed","template":"","meta":{"site-sidebar-layout":"default","site-content-layout":"","ast-site-content-layout":"default","site-content-style":"default","site-sidebar-style":"default","ast-global-header-display":"","ast-banner-title-visibility":"","ast-main-header-display":"","ast-hfb-above-header-display":"","ast-hfb-below-header-display":"","ast-hfb-mobile-header-display":"","site-post-title":"disabled","ast-breadcrumbs-content":"","ast-featured-img":"","footer-sml-layout":"","ast-disable-related-posts":"","theme-transparent-header-meta":"","adv-header-id-meta":"","stick-header-meta":"","header-above-stick-meta":"","header-main-stick-meta":"","header-below-stick-meta":"","astra-migrate-meta-layouts":"default","ast-page-background-enabled":"default","ast-page-background-meta":{"desktop":{"background-color":"var(--ast-global-color-5)","background-image":"","background-repeat":"repeat","background-position":"center center","background-size":"auto","background-attachment":"scroll","background-type":"","background-media":"","overlay-type":"","overlay-color":"","overlay-opacity":"","overlay-gradient":""},"tablet":{"background-color":"","background-image":"","background-repeat":"repeat","background-position":"center center","background-size":"auto","background-attachment":"scroll","background-type":"","background-media":"","overlay-type":"","overlay-color":"","overlay-opacity":"","overlay-gradient":""},"mobile":{"background-color":"","background-image":"","background-repeat":"repeat","background-position":"center center","background-size":"auto","background-attachment":"scroll","background-type":"","background-media":"","overlay-type":"","overlay-color":"","overlay-opacity":"","overlay-gradient":""}},"ast-content-background-meta":{"desktop":{"background-color":"var(--ast-global-color-4)","background-image":"","background-repeat":"repeat","background-position":"center center","background-size":"auto","background-attachment":"scroll","background-type":"","background-media":"","overlay-type":"","overlay-color":"","overlay-opacity":"","overlay-gradient":""},"tablet":{"background-color":"var(--ast-global-color-4)","background-image":"","background-repeat":"repeat","background-position":"center center","background-size":"auto","background-attachment":"scroll","background-type":"","background-media":"","overlay-type":"","overlay-color":"","overlay-opacity":"","overlay-gradient":""},"mobile":{"background-color":"var(--ast-global-color-4)","background-image":"","background-repeat":"repeat","background-position":"center center","background-size":"auto","background-attachment":"scroll","background-type":"","background-media":"","overlay-type":"","overlay-color":"","overlay-opacity":"","overlay-gradient":""}},"footnotes":""},"class_list":["post-4810","page","type-page","status-publish","hentry"],"yoast_head":"<!-- This site is optimized with the Yoast SEO Premium plugin v25.0 (Yoast SEO v27.5) - https:\/\/yoast.com\/product\/yoast-seo-premium-wordpress\/ -->\n<title>Tous Nos Cours - Dabox Formation | Formation Papeterie Personnalis\u00e9e &amp; Sweet Table DIY<\/title>\n<meta name=\"robots\" content=\"index, follow, max-snippet:-1, max-image-preview:large, max-video-preview:-1\" \/>\n<link rel=\"canonical\" href=\"https:\/\/www.dabox-formation.fr\/fr\/cours\/\" \/>\n<meta property=\"og:locale\" content=\"fr_FR\" \/>\n<meta property=\"og:type\" content=\"article\" \/>\n<meta property=\"og:title\" content=\"Tous Nos Cours\" \/>\n<meta property=\"og:description\" content=\"Toutes nos Formations Promo 250\u20ac Masterclass Papeterie Personnalis\u00e9e Sans Machine : En ligne (23 Modules) 270,00 \u20ac 250,00 \u20ac D\u00e9couvrir [&hellip;]\" \/>\n<meta property=\"og:url\" content=\"https:\/\/www.dabox-formation.fr\/fr\/cours\/\" \/>\n<meta property=\"og:site_name\" content=\"Dabox Formation | Formation Papeterie Personnalis\u00e9e &amp; Sweet Table DIY\" \/>\n<meta property=\"article:modified_time\" content=\"2025-12-21T00:08:53+00:00\" \/>\n<meta property=\"og:image\" content=\"https:\/\/www.dabox-formation.fr\/wp-content\/uploads\/2025\/11\/masterclass-papeterie-sans-machine.jpeg\" \/>\n\t<meta property=\"og:image:width\" content=\"1280\" \/>\n\t<meta property=\"og:image:height\" content=\"720\" \/>\n\t<meta property=\"og:image:type\" content=\"image\/jpeg\" \/>\n<meta name=\"twitter:card\" content=\"summary_large_image\" \/>\n<meta name=\"twitter:label1\" content=\"Dur\u00e9e de lecture est.\" \/>\n\t<meta name=\"twitter:data1\" content=\"1 minute\" \/>\n<script type=\"application\/ld+json\" class=\"yoast-schema-graph\">{\"@context\":\"https:\\\/\\\/schema.org\",\"@graph\":[{\"@type\":\"WebPage\",\"@id\":\"https:\\\/\\\/www.dabox-formation.fr\\\/cours\\\/\",\"url\":\"https:\\\/\\\/www.dabox-formation.fr\\\/cours\\\/\",\"name\":\"Tous Nos Cours - Dabox Formation | Formation Papeterie Personnalis\u00e9e &amp; Sweet Table DIY\",\"isPartOf\":{\"@id\":\"https:\\\/\\\/www.dabox-formation.fr\\\/#website\"},\"primaryImageOfPage\":{\"@id\":\"https:\\\/\\\/www.dabox-formation.fr\\\/cours\\\/#primaryimage\"},\"image\":{\"@id\":\"https:\\\/\\\/www.dabox-formation.fr\\\/cours\\\/#primaryimage\"},\"thumbnailUrl\":\"https:\\\/\\\/www.dabox-formation.fr\\\/wp-content\\\/uploads\\\/2025\\\/11\\\/masterclass-papeterie-sans-machine-1024x576.jpeg\",\"datePublished\":\"2025-10-31T15:00:53+00:00\",\"dateModified\":\"2025-12-21T00:08:53+00:00\",\"breadcrumb\":{\"@id\":\"https:\\\/\\\/www.dabox-formation.fr\\\/cours\\\/#breadcrumb\"},\"inLanguage\":\"fr-BE\",\"potentialAction\":[{\"@type\":\"ReadAction\",\"target\":[\"https:\\\/\\\/www.dabox-formation.fr\\\/cours\\\/\"]}]},{\"@type\":\"ImageObject\",\"inLanguage\":\"fr-BE\",\"@id\":\"https:\\\/\\\/www.dabox-formation.fr\\\/cours\\\/#primaryimage\",\"url\":\"https:\\\/\\\/www.dabox-formation.fr\\\/wp-content\\\/uploads\\\/2025\\\/11\\\/masterclass-papeterie-sans-machine-1024x576.jpeg\",\"contentUrl\":\"https:\\\/\\\/www.dabox-formation.fr\\\/wp-content\\\/uploads\\\/2025\\\/11\\\/masterclass-papeterie-sans-machine-1024x576.jpeg\"},{\"@type\":\"BreadcrumbList\",\"@id\":\"https:\\\/\\\/www.dabox-formation.fr\\\/cours\\\/#breadcrumb\",\"itemListElement\":[{\"@type\":\"ListItem\",\"position\":1,\"name\":\"Accueil\",\"item\":\"https:\\\/\\\/www.dabox-formation.fr\\\/\"},{\"@type\":\"ListItem\",\"position\":2,\"name\":\"Tous Nos Cours\"}]},{\"@type\":\"WebSite\",\"@id\":\"https:\\\/\\\/www.dabox-formation.fr\\\/#website\",\"url\":\"https:\\\/\\\/www.dabox-formation.fr\\\/\",\"name\":\"Dabox Formation | Formation Papeterie Personnalis\u00e9e &amp; Sweet Table DIY\",\"description\":\"De Ta Passion \u00e0 Ton Activit\u00e9 Papeterie Rentable\",\"publisher\":{\"@id\":\"https:\\\/\\\/www.dabox-formation.fr\\\/#organization\"},\"potentialAction\":[{\"@type\":\"SearchAction\",\"target\":{\"@type\":\"EntryPoint\",\"urlTemplate\":\"https:\\\/\\\/www.dabox-formation.fr\\\/?s={search_term_string}\"},\"query-input\":{\"@type\":\"PropertyValueSpecification\",\"valueRequired\":true,\"valueName\":\"search_term_string\"}}],\"inLanguage\":\"fr-BE\"},{\"@type\":\"Organization\",\"@id\":\"https:\\\/\\\/www.dabox-formation.fr\\\/#organization\",\"name\":\"Dabox Formation | Formation Papeterie Personnalis\u00e9e &amp; Sweet Table DIY\",\"url\":\"https:\\\/\\\/www.dabox-formation.fr\\\/\",\"logo\":{\"@type\":\"ImageObject\",\"inLanguage\":\"fr-BE\",\"@id\":\"https:\\\/\\\/www.dabox-formation.fr\\\/#\\\/schema\\\/logo\\\/image\\\/\",\"url\":\"https:\\\/\\\/www.dabox-formation.fr\\\/wp-content\\\/uploads\\\/2025\\\/07\\\/Dabox-Logo-mauve-350x100-1.png\",\"contentUrl\":\"https:\\\/\\\/www.dabox-formation.fr\\\/wp-content\\\/uploads\\\/2025\\\/07\\\/Dabox-Logo-mauve-350x100-1.png\",\"width\":350,\"height\":100,\"caption\":\"Dabox Formation | Formation Papeterie Personnalis\u00e9e &amp; Sweet Table DIY\"},\"image\":{\"@id\":\"https:\\\/\\\/www.dabox-formation.fr\\\/#\\\/schema\\\/logo\\\/image\\\/\"}}]}<\/script>\n<!-- \/ Yoast SEO Premium plugin. -->","yoast_head_json":{"title":"Tous Nos Cours - Dabox Formation | Formation Papeterie Personnalis\u00e9e &amp; Sweet Table DIY","robots":{"index":"index","follow":"follow","max-snippet":"max-snippet:-1","max-image-preview":"max-image-preview:large","max-video-preview":"max-video-preview:-1"},"canonical":"https:\/\/www.dabox-formation.fr\/fr\/cours\/","og_locale":"fr_FR","og_type":"article","og_title":"Tous Nos Cours","og_description":"Toutes nos Formations Promo 250\u20ac Masterclass Papeterie Personnalis\u00e9e Sans Machine : En ligne (23 Modules) 270,00 \u20ac 250,00 \u20ac D\u00e9couvrir [&hellip;]","og_url":"https:\/\/www.dabox-formation.fr\/fr\/cours\/","og_site_name":"Dabox Formation | Formation Papeterie Personnalis\u00e9e &amp; Sweet Table DIY","article_modified_time":"2025-12-21T00:08:53+00:00","og_image":[{"width":1280,"height":720,"url":"https:\/\/www.dabox-formation.fr\/wp-content\/uploads\/2025\/11\/masterclass-papeterie-sans-machine.jpeg","type":"image\/jpeg"}],"twitter_card":"summary_large_image","twitter_misc":{"Dur\u00e9e de lecture est.":"1 minute"},"schema":{"@context":"https:\/\/schema.org","@graph":[{"@type":"WebPage","@id":"https:\/\/www.dabox-formation.fr\/cours\/","url":"https:\/\/www.dabox-formation.fr\/cours\/","name":"Tous Nos Cours - Dabox Formation | Formation Papeterie Personnalis\u00e9e &amp; Sweet Table DIY","isPartOf":{"@id":"https:\/\/www.dabox-formation.fr\/#website"},"primaryImageOfPage":{"@id":"https:\/\/www.dabox-formation.fr\/cours\/#primaryimage"},"image":{"@id":"https:\/\/www.dabox-formation.fr\/cours\/#primaryimage"},"thumbnailUrl":"https:\/\/www.dabox-formation.fr\/wp-content\/uploads\/2025\/11\/masterclass-papeterie-sans-machine-1024x576.jpeg","datePublished":"2025-10-31T15:00:53+00:00","dateModified":"2025-12-21T00:08:53+00:00","breadcrumb":{"@id":"https:\/\/www.dabox-formation.fr\/cours\/#breadcrumb"},"inLanguage":"fr-BE","potentialAction":[{"@type":"ReadAction","target":["https:\/\/www.dabox-formation.fr\/cours\/"]}]},{"@type":"ImageObject","inLanguage":"fr-BE","@id":"https:\/\/www.dabox-formation.fr\/cours\/#primaryimage","url":"https:\/\/www.dabox-formation.fr\/wp-content\/uploads\/2025\/11\/masterclass-papeterie-sans-machine-1024x576.jpeg","contentUrl":"https:\/\/www.dabox-formation.fr\/wp-content\/uploads\/2025\/11\/masterclass-papeterie-sans-machine-1024x576.jpeg"},{"@type":"BreadcrumbList","@id":"https:\/\/www.dabox-formation.fr\/cours\/#breadcrumb","itemListElement":[{"@type":"ListItem","position":1,"name":"Accueil","item":"https:\/\/www.dabox-formation.fr\/"},{"@type":"ListItem","position":2,"name":"Tous Nos Cours"}]},{"@type":"WebSite","@id":"https:\/\/www.dabox-formation.fr\/#website","url":"https:\/\/www.dabox-formation.fr\/","name":"Dabox Formation | Formation Papeterie Personnalis\u00e9e &amp; Sweet Table DIY","description":"De Ta Passion \u00e0 Ton Activit\u00e9 Papeterie Rentable","publisher":{"@id":"https:\/\/www.dabox-formation.fr\/#organization"},"potentialAction":[{"@type":"SearchAction","target":{"@type":"EntryPoint","urlTemplate":"https:\/\/www.dabox-formation.fr\/?s={search_term_string}"},"query-input":{"@type":"PropertyValueSpecification","valueRequired":true,"valueName":"search_term_string"}}],"inLanguage":"fr-BE"},{"@type":"Organization","@id":"https:\/\/www.dabox-formation.fr\/#organization","name":"Dabox Formation | Formation Papeterie Personnalis\u00e9e &amp; Sweet Table DIY","url":"https:\/\/www.dabox-formation.fr\/","logo":{"@type":"ImageObject","inLanguage":"fr-BE","@id":"https:\/\/www.dabox-formation.fr\/#\/schema\/logo\/image\/","url":"https:\/\/www.dabox-formation.fr\/wp-content\/uploads\/2025\/07\/Dabox-Logo-mauve-350x100-1.png","contentUrl":"https:\/\/www.dabox-formation.fr\/wp-content\/uploads\/2025\/07\/Dabox-Logo-mauve-350x100-1.png","width":350,"height":100,"caption":"Dabox Formation | Formation Papeterie Personnalis\u00e9e &amp; Sweet Table DIY"},"image":{"@id":"https:\/\/www.dabox-formation.fr\/#\/schema\/logo\/image\/"}}]}},"_links":{"self":[{"href":"https:\/\/www.dabox-formation.fr\/fr\/wp-json\/wp\/v2\/pages\/4810","targetHints":{"allow":["GET"]}}],"collection":[{"href":"https:\/\/www.dabox-formation.fr\/fr\/wp-json\/wp\/v2\/pages"}],"about":[{"href":"https:\/\/www.dabox-formation.fr\/fr\/wp-json\/wp\/v2\/types\/page"}],"author":[{"embeddable":true,"href":"https:\/\/www.dabox-formation.fr\/fr\/wp-json\/wp\/v2\/users\/1"}],"replies":[{"embeddable":true,"href":"https:\/\/www.dabox-formation.fr\/fr\/wp-json\/wp\/v2\/comments?post=4810"}],"version-history":[{"count":64,"href":"https:\/\/www.dabox-formation.fr\/fr\/wp-json\/wp\/v2\/pages\/4810\/revisions"}],"predecessor-version":[{"id":6071,"href":"https:\/\/www.dabox-formation.fr\/fr\/wp-json\/wp\/v2\/pages\/4810\/revisions\/6071"}],"wp:attachment":[{"href":"https:\/\/www.dabox-formation.fr\/fr\/wp-json\/wp\/v2\/media?parent=4810"}],"curies":[{"name":"wp","href":"https:\/\/api.w.org\/{rel}","templated":true}]}}