{"id":665,"date":"2025-07-08T08:39:34","date_gmt":"2025-07-08T06:39:34","guid":{"rendered":"https:\/\/www.dabox-formation.fr\/?page_id=665"},"modified":"2026-01-17T19:55:23","modified_gmt":"2026-01-17T18:55:23","slug":"declaration-de-confidentialite","status":"publish","type":"page","link":"https:\/\/www.dabox-formation.fr\/en\/declaration-de-confidentialite\/","title":{"rendered":"D\u00e9claration de confidentialit\u00e9"},"content":{"rendered":"<div data-elementor-type=\"wp-page\" data-elementor-id=\"665\" class=\"elementor elementor-665\" data-elementor-post-type=\"page\">\n\t\t\t\t\t\t<section class=\"elementor-section elementor-top-section elementor-element elementor-element-317edb0 elementor-section-boxed elementor-section-height-default elementor-section-height-default\" data-id=\"317edb0\" data-element_type=\"section\" data-e-type=\"section\" data-settings=\"{&quot;background_background&quot;:&quot;classic&quot;}\">\n\t\t\t\t\t\t\t<div class=\"elementor-background-overlay\"><\/div>\n\t\t\t\t\t\t\t<div class=\"elementor-container elementor-column-gap-default\">\n\t\t\t\t\t<div class=\"elementor-column elementor-col-100 elementor-top-column elementor-element elementor-element-7a2d724 elementor-invisible\" data-id=\"7a2d724\" data-element_type=\"column\" data-e-type=\"column\" data-settings=\"{&quot;animation&quot;:&quot;fadeInUp&quot;}\">\n\t\t\t<div class=\"elementor-widget-wrap elementor-element-populated\">\n\t\t\t\t\t\t<div class=\"elementor-element elementor-element-c3043d1 elementor-invisible elementor-widget elementor-widget-heading\" data-id=\"c3043d1\" data-element_type=\"widget\" data-e-type=\"widget\" data-settings=\"{&quot;_animation&quot;:&quot;fadeInUp&quot;}\" data-widget_type=\"heading.default\">\n\t\t\t\t\t<h1 class=\"elementor-heading-title elementor-size-default\">D\u00e9claration de confidentialit\u00e9 <span class=\"fluo\">  Dabox <\/span><\/h1>\t\t\t\t<\/div>\n\t\t\t\t\t<\/div>\n\t\t<\/div>\n\t\t\t\t\t<\/div>\n\t\t<\/section>\n\t\t\t\t<section class=\"elementor-section elementor-top-section elementor-element elementor-element-1e369356 elementor-section-full_width elementor-section-height-default elementor-section-height-default\" data-id=\"1e369356\" data-element_type=\"section\" data-e-type=\"section\">\n\t\t\t\t\t\t<div class=\"elementor-container elementor-column-gap-default\">\n\t\t\t\t\t<div class=\"elementor-column elementor-col-100 elementor-top-column elementor-element elementor-element-116f0eb\" data-id=\"116f0eb\" data-element_type=\"column\" data-e-type=\"column\">\n\t\t\t<div class=\"elementor-widget-wrap elementor-element-populated\">\n\t\t\t\t\t\t<div class=\"elementor-element elementor-element-172f98e elementor-widget elementor-widget-text-editor\" data-id=\"172f98e\" data-element_type=\"widget\" data-e-type=\"widget\" data-widget_type=\"text-editor.default\">\n\t\t\t\t\t\t\t\t\t<p data-start=\"274\" data-end=\"331\"><strong>Derni\u00e8re mise \u00e0 jour : 08\/07\/2025<\/strong><\/p><hr data-start=\"333\" data-end=\"336\" \/><p data-start=\"338\" data-end=\"370\">\u00a0<\/p><p data-start=\"338\" data-end=\"370\">1. <strong>Responsable du traitement<\/strong><\/p><p data-start=\"338\" data-end=\"370\">\u00a0<\/p><p data-start=\"372\" data-end=\"659\">Le responsable du traitement des donn\u00e9es \u00e0 caract\u00e8re personnel collect\u00e9es sur le site est :<br data-start=\"463\" data-end=\"466\" \/><strong data-start=\"466\" data-end=\"490\">DIABY ASSITA (DABOX)<\/strong><br data-start=\"490\" data-end=\"493\" \/>Entreprise individuelle<br data-start=\"516\" data-end=\"519\" \/>Adresse : ILOT 4B, 4 PLACE COLETTE LEPAGE, 93100 MONTREUIL \u2013 FRANCE<br data-start=\"586\" data-end=\"589\" \/>SIRET : 834 848 608 00024<br data-start=\"614\" data-end=\"617\" \/>Email de contact : contact@dabox-formation.fr<\/p><hr data-start=\"661\" data-end=\"664\" \/><p data-start=\"666\" data-end=\"691\">\u00a0<\/p><p data-start=\"666\" data-end=\"691\"><strong>2. Donn\u00e9es collect\u00e9es<\/strong><\/p><p data-start=\"666\" data-end=\"691\">\u00a0<\/p><p data-start=\"693\" data-end=\"752\">Les donn\u00e9es suivantes peuvent \u00eatre collect\u00e9es sur le site :<\/p><ul data-start=\"754\" data-end=\"1097\"><li data-start=\"754\" data-end=\"794\"><p data-start=\"756\" data-end=\"794\"><strong data-start=\"756\" data-end=\"778\">Donn\u00e9es d&#8217;identit\u00e9<\/strong> : nom, pr\u00e9nom<\/p><\/li><li data-start=\"795\" data-end=\"859\"><p data-start=\"797\" data-end=\"859\"><strong data-start=\"797\" data-end=\"819\">Donn\u00e9es de contact<\/strong> : adresse e-mail, num\u00e9ro de t\u00e9l\u00e9phone<\/p><\/li><li data-start=\"860\" data-end=\"938\"><p data-start=\"862\" data-end=\"938\"><strong data-start=\"862\" data-end=\"887\">Donn\u00e9es de navigation<\/strong> : adresse IP, type de navigateur, pages visit\u00e9es<\/p><\/li><li data-start=\"939\" data-end=\"1024\"><p data-start=\"941\" data-end=\"1024\"><strong data-start=\"941\" data-end=\"972\">Donn\u00e9es li\u00e9es aux commandes<\/strong> : historique d\u2019achat, informations de facturation<\/p><\/li><li data-start=\"1025\" data-end=\"1097\"><p data-start=\"1027\" data-end=\"1097\"><strong data-start=\"1027\" data-end=\"1050\">Donn\u00e9es de paiement<\/strong> : trait\u00e9es via des services tiers comme Stripeet paypal.<\/p><\/li><\/ul><hr data-start=\"1099\" data-end=\"1102\" \/><h3 data-start=\"1104\" data-end=\"1134\">\u00a0<\/h3><p data-start=\"1104\" data-end=\"1134\"><strong>3. Finalit\u00e9s du traitement<\/strong><\/p><p data-start=\"1136\" data-end=\"1207\">Les donn\u00e9es personnelles sont collect\u00e9es pour les finalit\u00e9s suivantes :<\/p><ul data-start=\"1209\" data-end=\"1486\"><li data-start=\"1209\" data-end=\"1247\"><p data-start=\"1211\" data-end=\"1247\">Gestion des commandes et paiements<\/p><\/li><li data-start=\"1248\" data-end=\"1327\"><p data-start=\"1250\" data-end=\"1327\">Envoi d\u2019e-mails d\u2019information ou de marketing (avec consentement pr\u00e9alable)<\/p><\/li><li data-start=\"1328\" data-end=\"1392\"><p data-start=\"1330\" data-end=\"1392\">R\u00e9ponse aux demandes envoy\u00e9es via les formulaires de contact<\/p><\/li><li data-start=\"1393\" data-end=\"1440\"><p data-start=\"1395\" data-end=\"1440\">Analyse statistique du site via des cookies<\/p><\/li><li data-start=\"1441\" data-end=\"1486\"><p data-start=\"1443\" data-end=\"1486\">Respect des obligations l\u00e9gales et fiscales<\/p><\/li><\/ul><hr data-start=\"1488\" data-end=\"1491\" \/><h3 data-start=\"1493\" data-end=\"1525\">\u00a0<\/h3><p data-start=\"1493\" data-end=\"1525\"><strong>4. Base l\u00e9gale du traitement<\/strong><\/p><p data-start=\"1527\" data-end=\"1570\">Les traitements effectu\u00e9s sont fond\u00e9s sur :<\/p><ul data-start=\"1572\" data-end=\"1802\"><li data-start=\"1572\" data-end=\"1633\"><p data-start=\"1574\" data-end=\"1633\">L\u2019<strong data-start=\"1576\" data-end=\"1602\">ex\u00e9cution d\u2019un contrat<\/strong> (achat de produits\/services)<\/p><\/li><li data-start=\"1634\" data-end=\"1679\"><p data-start=\"1636\" data-end=\"1679\">Le <strong data-start=\"1639\" data-end=\"1655\">consentement<\/strong> (newsletter, cookies)<\/p><\/li><li data-start=\"1680\" data-end=\"1722\"><p data-start=\"1682\" data-end=\"1722\">Le <strong data-start=\"1685\" data-end=\"1720\">respect d\u2019une obligation l\u00e9gale<\/strong><\/p><\/li><li data-start=\"1723\" data-end=\"1802\"><p data-start=\"1725\" data-end=\"1802\">L\u2019<strong data-start=\"1727\" data-end=\"1747\">int\u00e9r\u00eat l\u00e9gitime<\/strong> de l\u2019entreprise (am\u00e9lioration du site, service client)<\/p><\/li><\/ul><hr data-start=\"1804\" data-end=\"1807\" \/><h3 data-start=\"1809\" data-end=\"1841\">\u00a0<\/h3><p data-start=\"1809\" data-end=\"1841\"><strong>5. Destinataires des donn\u00e9es<\/strong><\/p><p data-start=\"1843\" data-end=\"1953\">Les donn\u00e9es sont destin\u00e9es uniquement \u00e0 l\u2019entreprise et, le cas \u00e9ch\u00e9ant, \u00e0 ses prestataires de services pour :<\/p><ul data-start=\"1955\" data-end=\"2055\"><li data-start=\"1955\" data-end=\"1983\"><p data-start=\"1957\" data-end=\"1983\">Le paiement\u00a0 Stripe&amp; Paypal<\/p><\/li><li data-start=\"1984\" data-end=\"2022\"><p data-start=\"1986\" data-end=\"2022\">L\u2019envoi d\u2019e-mails : MailerLite<\/p><\/li><li data-start=\"2023\" data-end=\"2055\"><p data-start=\"2025\" data-end=\"2055\">L\u2019h\u00e9bergement : o2switch<\/p><\/li><\/ul><p data-start=\"2057\" data-end=\"2105\">Aucune donn\u00e9e n\u2019est vendue ou c\u00e9d\u00e9e \u00e0 des tiers.<\/p><hr data-start=\"2107\" data-end=\"2110\" \/><h3 data-start=\"2112\" data-end=\"2140\">\u00a0<\/h3><p data-start=\"2112\" data-end=\"2140\"><strong>6. Dur\u00e9e de conservation<\/strong><\/p><div class=\"_tableContainer_80l1q_1\"><div class=\"_tableWrapper_80l1q_14 group flex w-fit flex-col-reverse\" tabindex=\"-1\"><table class=\"w-fit min-w-(--thread-content-width)\" data-start=\"2142\" data-end=\"2351\"><thead data-start=\"2142\" data-end=\"2168\"><tr data-start=\"2142\" data-end=\"2168\"><th data-start=\"2142\" data-end=\"2159\" data-col-size=\"sm\">Type de donn\u00e9e<\/th><th data-start=\"2159\" data-end=\"2168\" data-col-size=\"sm\">Dur\u00e9e<\/th><\/tr><\/thead><tbody data-start=\"2177\" data-end=\"2351\"><tr data-start=\"2177\" data-end=\"2240\"><td data-start=\"2177\" data-end=\"2198\" data-col-size=\"sm\">Donn\u00e9es de contact<\/td><td data-col-size=\"sm\" data-start=\"2198\" data-end=\"2240\">Jusqu&#8217;\u00e0 3 ans apr\u00e8s le dernier contact<\/td><\/tr><tr data-start=\"2241\" data-end=\"2297\"><td data-start=\"2241\" data-end=\"2263\" data-col-size=\"sm\">Donn\u00e9es de commande<\/td><td data-col-size=\"sm\" data-start=\"2263\" data-end=\"2297\">6 ans (obligations comptables)<\/td><\/tr><tr data-start=\"2298\" data-end=\"2351\"><td data-start=\"2298\" data-end=\"2332\" data-col-size=\"sm\">Donn\u00e9es de navigation (cookies)<\/td><td data-col-size=\"sm\" data-start=\"2332\" data-end=\"2351\">13 mois maximum<\/td><\/tr><\/tbody><\/table><div class=\"sticky end-(--thread-content-margin) h-0 self-end select-none\"><div class=\"absolute end-0 flex items-end\">\u00a0<\/div><\/div><\/div><\/div><h3 data-start=\"2358\" data-end=\"2388\">\u00a0<\/h3><p data-start=\"2358\" data-end=\"2388\"><strong>7. Droits des utilisateurs<\/strong><\/p><p data-start=\"2390\" data-end=\"2447\">Conform\u00e9ment au RGPD, vous disposez des droits suivants :<\/p><ul data-start=\"2449\" data-end=\"2662\"><li data-start=\"2449\" data-end=\"2515\"><p data-start=\"2451\" data-end=\"2515\">Droit d\u2019acc\u00e8s, de rectification et d\u2019effacement de vos donn\u00e9es<\/p><\/li><li data-start=\"2516\" data-end=\"2566\"><p data-start=\"2518\" data-end=\"2566\">Droit de retrait du consentement \u00e0 tout moment<\/p><\/li><li data-start=\"2567\" data-end=\"2620\"><p data-start=\"2569\" data-end=\"2620\">Droit \u00e0 la limitation ou opposition au traitement<\/p><\/li><li data-start=\"2621\" data-end=\"2662\"><p data-start=\"2623\" data-end=\"2662\">Droit \u00e0 la portabilit\u00e9 de vos donn\u00e9es<\/p><\/li><\/ul><p data-start=\"2664\" data-end=\"2783\">\ud83d\udc49 Pour exercer ces droits, envoyez votre demande \u00e0 :<br data-start=\"2717\" data-end=\"2720\" \/>\ud83d\udce7 <a href=\"mailto:contact@dabox-formation.fr\"><strong data-start=\"2723\" data-end=\"2748\">contact@dabox-formation.fr<\/strong><\/a> \u2013 en joignant une pi\u00e8ce d\u2019identit\u00e9.<\/p><hr data-start=\"2785\" data-end=\"2788\" \/><h3 data-start=\"2790\" data-end=\"2804\">\u00a0<\/h3><p data-start=\"2790\" data-end=\"2804\"><strong>8. Cookies<\/strong><\/p><p data-start=\"2806\" data-end=\"2840\">Le site utilise des cookies pour :<\/p><ul data-start=\"2842\" data-end=\"2971\"><li data-start=\"2842\" data-end=\"2883\"><p data-start=\"2844\" data-end=\"2883\">Mesurer l\u2019audience (Google Analytics)<\/p><\/li><li data-start=\"2884\" data-end=\"2936\"><p data-start=\"2886\" data-end=\"2936\">Int\u00e9grer des contenus tiers (vid\u00e9os YouTube)<\/p><\/li><li data-start=\"2937\" data-end=\"2971\"><p data-start=\"2939\" data-end=\"2971\">Faciliter les paiements (Stripe &amp; paypal)<\/p><\/li><\/ul><p data-start=\"2973\" data-end=\"3090\">Le d\u00e9p\u00f4t de cookies est soumis \u00e0 votre <strong data-start=\"3012\" data-end=\"3038\">consentement pr\u00e9alable<\/strong>, via la banni\u00e8re g\u00e9r\u00e9e par le plugin <strong data-start=\"3076\" data-end=\"3089\">Complianz<\/strong>.<\/p><hr data-start=\"3092\" data-end=\"3095\" \/><p data-start=\"3097\" data-end=\"3112\">\u00a0<\/p><p data-start=\"3097\" data-end=\"3112\"><strong>9. S\u00e9curit\u00e9<\/strong><\/p><p data-start=\"3097\" data-end=\"3112\">\u00a0<\/p><p data-start=\"3114\" data-end=\"3170\">Les donn\u00e9es sont trait\u00e9es de mani\u00e8re s\u00e9curis\u00e9e gr\u00e2ce \u00e0 :<\/p><ul data-start=\"3172\" data-end=\"3343\"><li data-start=\"3172\" data-end=\"3223\"><p data-start=\"3174\" data-end=\"3223\">Un h\u00e9bergement s\u00e9curis\u00e9 (SSL, serveur fran\u00e7ais)<\/p><\/li><li data-start=\"3224\" data-end=\"3274\"><p data-start=\"3226\" data-end=\"3274\">Un acc\u00e8s restreint aux informations collect\u00e9es<\/p><\/li><li data-start=\"3275\" data-end=\"3343\"><p data-start=\"3277\" data-end=\"3343\">Des mises \u00e0 jour r\u00e9guli\u00e8res du site et de ses extensions<\/p><\/li><\/ul><hr data-start=\"3345\" data-end=\"3348\" \/><h3 data-start=\"3350\" data-end=\"3380\">\u00a0<\/h3><p data-start=\"3350\" data-end=\"3380\"><strong>10. Contact &amp; r\u00e9clamations<\/strong><\/p><p data-start=\"3350\" data-end=\"3380\">\u00a0<\/p><p data-start=\"3382\" data-end=\"3521\">Pour toute question relative \u00e0 vos donn\u00e9es personnelles, vous pouvez nous contacter \u00e0 l\u2019adresse suivante :<br data-start=\"3488\" data-end=\"3491\" \/>\ud83d\udce7 <a href=\"mailto:contact@dabox-formation.fr\"><strong data-start=\"3494\" data-end=\"3519\">contact@dabox-formation.fr<\/strong><\/a><\/p><p data-start=\"3523\" data-end=\"3639\">Vous avez \u00e9galement le droit d\u2019introduire une r\u00e9clamation aupr\u00e8s de la <strong data-start=\"3594\" data-end=\"3602\">CNIL<\/strong> : <a class=\"\" href=\"https:\/\/www.cnil.fr\" target=\"_new\" rel=\"noopener\" data-start=\"3605\" data-end=\"3639\">www.cnil.fr<\/a><\/p><p data-start=\"3523\" data-end=\"3639\">\u00a0<\/p>\t\t\t\t\t\t\t\t<\/div>\n\t\t\t\t\t<\/div>\n\t\t<\/div>\n\t\t\t\t\t<\/div>\n\t\t<\/section>\n\t\t\t\t<\/div>","protected":false},"excerpt":{"rendered":"<p>D\u00e9claration de confidentialit\u00e9 Dabox Derni\u00e8re mise \u00e0 jour : 08\/07\/2025 \u00a0 1. Responsable du traitement \u00a0 Le responsable du traitement [&hellip;]<\/p>","protected":false},"author":1,"featured_media":0,"parent":0,"menu_order":0,"comment_status":"closed","ping_status":"closed","template":"elementor_header_footer","meta":{"site-sidebar-layout":"default","site-content-layout":"","ast-site-content-layout":"full-width-container","site-content-style":"default","site-sidebar-style":"default","ast-global-header-display":"","ast-banner-title-visibility":"","ast-main-header-display":"","ast-hfb-above-header-display":"","ast-hfb-below-header-display":"","ast-hfb-mobile-header-display":"","site-post-title":"","ast-breadcrumbs-content":"","ast-featured-img":"","footer-sml-layout":"","ast-disable-related-posts":"","theme-transparent-header-meta":"","adv-header-id-meta":"","stick-header-meta":"","header-above-stick-meta":"","header-main-stick-meta":"","header-below-stick-meta":"","astra-migrate-meta-layouts":"default","ast-page-background-enabled":"default","ast-page-background-meta":{"desktop":{"background-color":"var(--ast-global-color-5)","background-image":"","background-repeat":"repeat","background-position":"center center","background-size":"auto","background-attachment":"scroll","background-type":"","background-media":"","overlay-type":"","overlay-color":"","overlay-opacity":"","overlay-gradient":""},"tablet":{"background-color":"","background-image":"","background-repeat":"repeat","background-position":"center center","background-size":"auto","background-attachment":"scroll","background-type":"","background-media":"","overlay-type":"","overlay-color":"","overlay-opacity":"","overlay-gradient":""},"mobile":{"background-color":"","background-image":"","background-repeat":"repeat","background-position":"center center","background-size":"auto","background-attachment":"scroll","background-type":"","background-media":"","overlay-type":"","overlay-color":"","overlay-opacity":"","overlay-gradient":""}},"ast-content-background-meta":{"desktop":{"background-color":"var(--ast-global-color-4)","background-image":"","background-repeat":"repeat","background-position":"center center","background-size":"auto","background-attachment":"scroll","background-type":"","background-media":"","overlay-type":"","overlay-color":"","overlay-opacity":"","overlay-gradient":""},"tablet":{"background-color":"var(--ast-global-color-4)","background-image":"","background-repeat":"repeat","background-position":"center center","background-size":"auto","background-attachment":"scroll","background-type":"","background-media":"","overlay-type":"","overlay-color":"","overlay-opacity":"","overlay-gradient":""},"mobile":{"background-color":"var(--ast-global-color-4)","background-image":"","background-repeat":"repeat","background-position":"center center","background-size":"auto","background-attachment":"scroll","background-type":"","background-media":"","overlay-type":"","overlay-color":"","overlay-opacity":"","overlay-gradient":""}},"footnotes":""},"class_list":["post-665","page","type-page","status-publish","hentry"],"yoast_head":"<!-- This site is optimized with the Yoast SEO Premium plugin v25.0 (Yoast SEO v27.5) - https:\/\/yoast.com\/product\/yoast-seo-premium-wordpress\/ -->\n<title>D\u00e9claration de confidentialit\u00e9 - Dabox Formation | Formation Papeterie Personnalis\u00e9e &amp; Sweet Table DIY<\/title>\n<meta name=\"robots\" content=\"index, follow, max-snippet:-1, max-image-preview:large, max-video-preview:-1\" \/>\n<link rel=\"canonical\" href=\"https:\/\/www.dabox-formation.fr\/en\/declaration-de-confidentialite\/\" \/>\n<meta property=\"og:locale\" content=\"en_US\" \/>\n<meta property=\"og:type\" content=\"article\" \/>\n<meta property=\"og:title\" content=\"D\u00e9claration de confidentialit\u00e9\" \/>\n<meta property=\"og:description\" content=\"D\u00e9claration de confidentialit\u00e9 Dabox Derni\u00e8re mise \u00e0 jour : 08\/07\/2025 \u00a0 1. Responsable du traitement \u00a0 Le responsable du traitement [&hellip;]\" \/>\n<meta property=\"og:url\" content=\"https:\/\/www.dabox-formation.fr\/en\/declaration-de-confidentialite\/\" \/>\n<meta property=\"og:site_name\" content=\"Dabox Formation | Formation Papeterie Personnalis\u00e9e &amp; Sweet Table DIY\" \/>\n<meta property=\"article:modified_time\" content=\"2026-01-17T18:55:23+00:00\" \/>\n<meta name=\"twitter:card\" content=\"summary_large_image\" \/>\n<meta name=\"twitter:label1\" content=\"Est. reading time\" \/>\n\t<meta name=\"twitter:data1\" content=\"3 minutes\" \/>\n<script type=\"application\/ld+json\" class=\"yoast-schema-graph\">{\"@context\":\"https:\\\/\\\/schema.org\",\"@graph\":[{\"@type\":\"WebPage\",\"@id\":\"https:\\\/\\\/www.dabox-formation.fr\\\/declaration-de-confidentialite\\\/\",\"url\":\"https:\\\/\\\/www.dabox-formation.fr\\\/declaration-de-confidentialite\\\/\",\"name\":\"D\u00e9claration de confidentialit\u00e9 - Dabox Formation | Formation Papeterie Personnalis\u00e9e &amp; Sweet Table DIY\",\"isPartOf\":{\"@id\":\"https:\\\/\\\/www.dabox-formation.fr\\\/#website\"},\"datePublished\":\"2025-07-08T06:39:34+00:00\",\"dateModified\":\"2026-01-17T18:55:23+00:00\",\"breadcrumb\":{\"@id\":\"https:\\\/\\\/www.dabox-formation.fr\\\/declaration-de-confidentialite\\\/#breadcrumb\"},\"inLanguage\":\"en-US\",\"potentialAction\":[{\"@type\":\"ReadAction\",\"target\":[\"https:\\\/\\\/www.dabox-formation.fr\\\/declaration-de-confidentialite\\\/\"]}]},{\"@type\":\"BreadcrumbList\",\"@id\":\"https:\\\/\\\/www.dabox-formation.fr\\\/declaration-de-confidentialite\\\/#breadcrumb\",\"itemListElement\":[{\"@type\":\"ListItem\",\"position\":1,\"name\":\"Accueil\",\"item\":\"https:\\\/\\\/www.dabox-formation.fr\\\/\"},{\"@type\":\"ListItem\",\"position\":2,\"name\":\"D\u00e9claration de confidentialit\u00e9\"}]},{\"@type\":\"WebSite\",\"@id\":\"https:\\\/\\\/www.dabox-formation.fr\\\/#website\",\"url\":\"https:\\\/\\\/www.dabox-formation.fr\\\/\",\"name\":\"Dabox Formation | Formation Papeterie Personnalis\u00e9e &amp; Sweet Table DIY\",\"description\":\"De Ta Passion \u00e0 Ton Activit\u00e9 Papeterie Rentable\",\"publisher\":{\"@id\":\"https:\\\/\\\/www.dabox-formation.fr\\\/#organization\"},\"potentialAction\":[{\"@type\":\"SearchAction\",\"target\":{\"@type\":\"EntryPoint\",\"urlTemplate\":\"https:\\\/\\\/www.dabox-formation.fr\\\/?s={search_term_string}\"},\"query-input\":{\"@type\":\"PropertyValueSpecification\",\"valueRequired\":true,\"valueName\":\"search_term_string\"}}],\"inLanguage\":\"en-US\"},{\"@type\":\"Organization\",\"@id\":\"https:\\\/\\\/www.dabox-formation.fr\\\/#organization\",\"name\":\"Dabox Formation | Formation Papeterie Personnalis\u00e9e &amp; Sweet Table DIY\",\"url\":\"https:\\\/\\\/www.dabox-formation.fr\\\/\",\"logo\":{\"@type\":\"ImageObject\",\"inLanguage\":\"en-US\",\"@id\":\"https:\\\/\\\/www.dabox-formation.fr\\\/#\\\/schema\\\/logo\\\/image\\\/\",\"url\":\"https:\\\/\\\/www.dabox-formation.fr\\\/wp-content\\\/uploads\\\/2025\\\/07\\\/Dabox-Logo-mauve-350x100-1.png\",\"contentUrl\":\"https:\\\/\\\/www.dabox-formation.fr\\\/wp-content\\\/uploads\\\/2025\\\/07\\\/Dabox-Logo-mauve-350x100-1.png\",\"width\":350,\"height\":100,\"caption\":\"Dabox Formation | Formation Papeterie Personnalis\u00e9e &amp; Sweet Table DIY\"},\"image\":{\"@id\":\"https:\\\/\\\/www.dabox-formation.fr\\\/#\\\/schema\\\/logo\\\/image\\\/\"}}]}<\/script>\n<!-- \/ Yoast SEO Premium plugin. -->","yoast_head_json":{"title":"D\u00e9claration de confidentialit\u00e9 - Dabox Formation | Formation Papeterie Personnalis\u00e9e &amp; Sweet Table DIY","robots":{"index":"index","follow":"follow","max-snippet":"max-snippet:-1","max-image-preview":"max-image-preview:large","max-video-preview":"max-video-preview:-1"},"canonical":"https:\/\/www.dabox-formation.fr\/en\/declaration-de-confidentialite\/","og_locale":"en_US","og_type":"article","og_title":"D\u00e9claration de confidentialit\u00e9","og_description":"D\u00e9claration de confidentialit\u00e9 Dabox Derni\u00e8re mise \u00e0 jour : 08\/07\/2025 \u00a0 1. Responsable du traitement \u00a0 Le responsable du traitement [&hellip;]","og_url":"https:\/\/www.dabox-formation.fr\/en\/declaration-de-confidentialite\/","og_site_name":"Dabox Formation | Formation Papeterie Personnalis\u00e9e &amp; Sweet Table DIY","article_modified_time":"2026-01-17T18:55:23+00:00","twitter_card":"summary_large_image","twitter_misc":{"Est. reading time":"3 minutes"},"schema":{"@context":"https:\/\/schema.org","@graph":[{"@type":"WebPage","@id":"https:\/\/www.dabox-formation.fr\/declaration-de-confidentialite\/","url":"https:\/\/www.dabox-formation.fr\/declaration-de-confidentialite\/","name":"D\u00e9claration de confidentialit\u00e9 - Dabox Formation | Formation Papeterie Personnalis\u00e9e &amp; Sweet Table DIY","isPartOf":{"@id":"https:\/\/www.dabox-formation.fr\/#website"},"datePublished":"2025-07-08T06:39:34+00:00","dateModified":"2026-01-17T18:55:23+00:00","breadcrumb":{"@id":"https:\/\/www.dabox-formation.fr\/declaration-de-confidentialite\/#breadcrumb"},"inLanguage":"en-US","potentialAction":[{"@type":"ReadAction","target":["https:\/\/www.dabox-formation.fr\/declaration-de-confidentialite\/"]}]},{"@type":"BreadcrumbList","@id":"https:\/\/www.dabox-formation.fr\/declaration-de-confidentialite\/#breadcrumb","itemListElement":[{"@type":"ListItem","position":1,"name":"Accueil","item":"https:\/\/www.dabox-formation.fr\/"},{"@type":"ListItem","position":2,"name":"D\u00e9claration de confidentialit\u00e9"}]},{"@type":"WebSite","@id":"https:\/\/www.dabox-formation.fr\/#website","url":"https:\/\/www.dabox-formation.fr\/","name":"Dabox Formation | Formation Papeterie Personnalis\u00e9e &amp; Sweet Table DIY","description":"De Ta Passion \u00e0 Ton Activit\u00e9 Papeterie Rentable","publisher":{"@id":"https:\/\/www.dabox-formation.fr\/#organization"},"potentialAction":[{"@type":"SearchAction","target":{"@type":"EntryPoint","urlTemplate":"https:\/\/www.dabox-formation.fr\/?s={search_term_string}"},"query-input":{"@type":"PropertyValueSpecification","valueRequired":true,"valueName":"search_term_string"}}],"inLanguage":"en-US"},{"@type":"Organization","@id":"https:\/\/www.dabox-formation.fr\/#organization","name":"Dabox Formation | Formation Papeterie Personnalis\u00e9e &amp; Sweet Table DIY","url":"https:\/\/www.dabox-formation.fr\/","logo":{"@type":"ImageObject","inLanguage":"en-US","@id":"https:\/\/www.dabox-formation.fr\/#\/schema\/logo\/image\/","url":"https:\/\/www.dabox-formation.fr\/wp-content\/uploads\/2025\/07\/Dabox-Logo-mauve-350x100-1.png","contentUrl":"https:\/\/www.dabox-formation.fr\/wp-content\/uploads\/2025\/07\/Dabox-Logo-mauve-350x100-1.png","width":350,"height":100,"caption":"Dabox Formation | Formation Papeterie Personnalis\u00e9e &amp; Sweet Table DIY"},"image":{"@id":"https:\/\/www.dabox-formation.fr\/#\/schema\/logo\/image\/"}}]}},"_links":{"self":[{"href":"https:\/\/www.dabox-formation.fr\/en\/wp-json\/wp\/v2\/pages\/665","targetHints":{"allow":["GET"]}}],"collection":[{"href":"https:\/\/www.dabox-formation.fr\/en\/wp-json\/wp\/v2\/pages"}],"about":[{"href":"https:\/\/www.dabox-formation.fr\/en\/wp-json\/wp\/v2\/types\/page"}],"author":[{"embeddable":true,"href":"https:\/\/www.dabox-formation.fr\/en\/wp-json\/wp\/v2\/users\/1"}],"replies":[{"embeddable":true,"href":"https:\/\/www.dabox-formation.fr\/en\/wp-json\/wp\/v2\/comments?post=665"}],"version-history":[{"count":1,"href":"https:\/\/www.dabox-formation.fr\/en\/wp-json\/wp\/v2\/pages\/665\/revisions"}],"predecessor-version":[{"id":6148,"href":"https:\/\/www.dabox-formation.fr\/en\/wp-json\/wp\/v2\/pages\/665\/revisions\/6148"}],"wp:attachment":[{"href":"https:\/\/www.dabox-formation.fr\/en\/wp-json\/wp\/v2\/media?parent=665"}],"curies":[{"name":"wp","href":"https:\/\/api.w.org\/{rel}","templated":true}]}}