{"id":4808,"date":"2025-10-31T16:00:51","date_gmt":"2025-10-31T15:00:51","guid":{"rendered":"https:\/\/www.dabox-formation.fr\/reset-password\/"},"modified":"2025-12-29T14:16:45","modified_gmt":"2025-12-29T13:16:45","slug":"reinitialiser-le-mot-de-passe","status":"publish","type":"page","link":"https:\/\/www.dabox-formation.fr\/en\/reinitialiser-le-mot-de-passe\/","title":{"rendered":"R\u00e9initialiser le mot de passe"},"content":{"rendered":"<div class=\"learndash-wrap\"><div class=\"learndash-wrapper ld-registration__outer-wrapper\">\n\t<div class=\"learndash-registration-wrapper\" style=\"\" >\n\t\t<div\n\t\t\tclass=\"ld-registration__wrapper ld-registration__wrapper--login\"\n\t\t\tdata-js=\"learndash-view\"\n\t\t\tdata-learndash-breakpoints=\"{&quot;breakpoints&quot;:{&quot;mobile&quot;:375,&quot;tablet&quot;:420,&quot;extra-small&quot;:600,&quot;small&quot;:720,&quot;medium&quot;:960,&quot;large&quot;:1240,&quot;wide&quot;:1440}}\"\n\t\t\tdata-learndash-breakpoint-pointer=\"b7e8e9dd-71ab-4f50-82d2-5ff9d7f0d94f\"\n\t\t>\n\t\t\t<div class=\"ld-registration__form\">\n\t\t\t\t\n\t\t\t\t\n\t\t\t\t\t\t\t\t\t<div class=\"ld-registration__forgot-password-container\">\n\t\t\t\t\t\t<h2 class=\"ld-registration__heading\">\n\t\t\t\t\t\t\tForgot Password\t\t\t\t\t\t<\/h2>\n\t\t\t\t\t\t<form action=\"\" method=\"POST\" class=\"ld-form ld-registration__forgot-password-form\" data-trp-original-action=\"\">\n\t\t\t\t\t\t\t<label for=\"user_login\">Username or Email Address *<\/label>\n\t\t\t\t\t\t\t<div class=\"ld-form__field-wrapper ld-form__field-user_login-wrapper\">\n\t\t\t\t\t\t\t\t<input\n\t\t\t\t\t\t\t\t\ttype=\"text\"\n\t\t\t\t\t\t\t\t\tname=\"user_login\"\n\t\t\t\t\t\t\t\t\tid=\"user_login\"\n\t\t\t\t\t\t\t\t\tautocapitalize=\"off\"\n\t\t\t\t\t\t\t\t\tautocomplete=\"off\"\n\t\t\t\t\t\t\t\t\tclass=\"ld-form__field ld-form__field-user_login\"\n\t\t\t\t\t\t\t\t\/>\n\t\t\t\t\t\t\t<\/div>\n\t\t\t\t\t\t\t<input type=\"hidden\" id=\"learndash-reset-password-form-nonce\" name=\"learndash-reset-password-form-nonce\" value=\"e498b5729b\" \/><input type=\"hidden\" name=\"_wp_http_referer\" value=\"\/en\/wp-json\/wp\/v2\/pages\/4808\" \/>\t\t\t\t\t\t\t<input\n\t\t\t\t\t\t\t\ttype=\"submit\"\n\t\t\t\t\t\t\t\tvalue=\"Reset Password\"\n\t\t\t\t\t\t\t\tclass=\"button button-primary button-large wp-element-button\"\n\t\t\t\t\t\t\t\/>\n\t\t\t\t\t\t<input type=\"hidden\" name=\"trp-form-language\" value=\"en\"\/><\/form>\n\t\t\t\t\t<\/div>\n\t\t\t\t\t\t\t<\/div>\n\t\t<\/div>\n\t<\/div>\n<\/div>\n<script class=\"learndash-breakpoints\">\n\t( function () {\n\t\tlet completed = false;\n\n\t\t\/**\n\t\t * Initializes the LearnDash Breakpoints.\n\t\t *\n\t\t * @since 4.16.0\n\t\t *\/\n\t\tfunction initBreakpoints() {\n\t\t\tif ( completed ) {\n\t\t\t\t\/\/ This was fired already and completed no need to attach to the event listener.\n\t\t\t\tdocument.removeEventListener( 'DOMContentLoaded', initBreakpoints );\n\t\t\t\treturn;\n\t\t\t}\n\n\t\t\tif (\n\t\t\t\t'undefined' === typeof window.learndash ||\n\t\t\t\t'undefined' === typeof window.learndash.views ||\n\t\t\t\t'undefined' === typeof window.learndash.views.breakpoints ||\n\t\t\t\t'function' !== typeof (window.learndash.views.breakpoints.setup)\n\t\t\t) {\n\t\t\t\treturn;\n\t\t\t}\n\n\t\t\tconst container = document.querySelector(\n\t\t\t\t'[data-learndash-breakpoint-pointer=\"b7e8e9dd-71ab-4f50-82d2-5ff9d7f0d94f\"]'\n\t\t\t);\n\n\t\t\tif ( ! container ) {\n\t\t\t\treturn;\n\t\t\t}\n\n\t\t\twindow.learndash.views.breakpoints.setup( container );\n\t\t\tcompleted = true;\n\t\t\t\/\/ This was fired already and completed no need to attach to the event listener.\n\t\t\tdocument.removeEventListener( 'DOMContentLoaded', initBreakpoints );\n\t\t}\n\n\t\t\/\/ Try to init the breakpoints right away.\n\t\tinitBreakpoints();\n\t\tdocument.addEventListener( 'DOMContentLoaded', initBreakpoints );\n\t})();\n<\/script>\n<\/div>","protected":false},"excerpt":{"rendered":"","protected":false},"author":1,"featured_media":0,"parent":0,"menu_order":0,"comment_status":"closed","ping_status":"closed","template":"","meta":{"site-sidebar-layout":"default","site-content-layout":"","ast-site-content-layout":"default","site-content-style":"default","site-sidebar-style":"default","ast-global-header-display":"","ast-banner-title-visibility":"","ast-main-header-display":"","ast-hfb-above-header-display":"","ast-hfb-below-header-display":"","ast-hfb-mobile-header-display":"","site-post-title":"","ast-breadcrumbs-content":"","ast-featured-img":"","footer-sml-layout":"","ast-disable-related-posts":"","theme-transparent-header-meta":"","adv-header-id-meta":"","stick-header-meta":"","header-above-stick-meta":"","header-main-stick-meta":"","header-below-stick-meta":"","astra-migrate-meta-layouts":"default","ast-page-background-enabled":"default","ast-page-background-meta":{"desktop":{"background-color":"var(--ast-global-color-5)","background-image":"","background-repeat":"repeat","background-position":"center center","background-size":"auto","background-attachment":"scroll","background-type":"","background-media":"","overlay-type":"","overlay-color":"","overlay-opacity":"","overlay-gradient":""},"tablet":{"background-color":"","background-image":"","background-repeat":"repeat","background-position":"center center","background-size":"auto","background-attachment":"scroll","background-type":"","background-media":"","overlay-type":"","overlay-color":"","overlay-opacity":"","overlay-gradient":""},"mobile":{"background-color":"","background-image":"","background-repeat":"repeat","background-position":"center center","background-size":"auto","background-attachment":"scroll","background-type":"","background-media":"","overlay-type":"","overlay-color":"","overlay-opacity":"","overlay-gradient":""}},"ast-content-background-meta":{"desktop":{"background-color":"var(--ast-global-color-4)","background-image":"","background-repeat":"repeat","background-position":"center center","background-size":"auto","background-attachment":"scroll","background-type":"","background-media":"","overlay-type":"","overlay-color":"","overlay-opacity":"","overlay-gradient":""},"tablet":{"background-color":"var(--ast-global-color-4)","background-image":"","background-repeat":"repeat","background-position":"center center","background-size":"auto","background-attachment":"scroll","background-type":"","background-media":"","overlay-type":"","overlay-color":"","overlay-opacity":"","overlay-gradient":""},"mobile":{"background-color":"var(--ast-global-color-4)","background-image":"","background-repeat":"repeat","background-position":"center center","background-size":"auto","background-attachment":"scroll","background-type":"","background-media":"","overlay-type":"","overlay-color":"","overlay-opacity":"","overlay-gradient":""}},"footnotes":""},"class_list":["post-4808","page","type-page","status-publish","hentry"],"yoast_head":"<!-- This site is optimized with the Yoast SEO Premium plugin v25.0 (Yoast SEO v27.5) - https:\/\/yoast.com\/product\/yoast-seo-premium-wordpress\/ -->\n<title>R\u00e9initialiser le mot de passe - Dabox Formation | Formation Papeterie Personnalis\u00e9e &amp; Sweet Table DIY<\/title>\n<meta name=\"robots\" content=\"index, follow, max-snippet:-1, max-image-preview:large, max-video-preview:-1\" \/>\n<link rel=\"canonical\" href=\"https:\/\/www.dabox-formation.fr\/en\/reinitialiser-le-mot-de-passe\/\" \/>\n<meta property=\"og:locale\" content=\"en_US\" \/>\n<meta property=\"og:type\" content=\"article\" \/>\n<meta property=\"og:title\" content=\"R\u00e9initialiser le mot de passe\" \/>\n<meta property=\"og:url\" content=\"https:\/\/www.dabox-formation.fr\/en\/reinitialiser-le-mot-de-passe\/\" \/>\n<meta property=\"og:site_name\" content=\"Dabox Formation | Formation Papeterie Personnalis\u00e9e &amp; Sweet Table DIY\" \/>\n<meta property=\"article:modified_time\" content=\"2025-12-29T13:16:45+00:00\" \/>\n<meta name=\"twitter:card\" content=\"summary_large_image\" \/>\n<script type=\"application\/ld+json\" class=\"yoast-schema-graph\">{\"@context\":\"https:\\\/\\\/schema.org\",\"@graph\":[{\"@type\":\"WebPage\",\"@id\":\"https:\\\/\\\/www.dabox-formation.fr\\\/reinitialiser-le-mot-de-passe\\\/\",\"url\":\"https:\\\/\\\/www.dabox-formation.fr\\\/reinitialiser-le-mot-de-passe\\\/\",\"name\":\"R\u00e9initialiser le mot de passe - Dabox Formation | Formation Papeterie Personnalis\u00e9e &amp; Sweet Table DIY\",\"isPartOf\":{\"@id\":\"https:\\\/\\\/www.dabox-formation.fr\\\/#website\"},\"datePublished\":\"2025-10-31T15:00:51+00:00\",\"dateModified\":\"2025-12-29T13:16:45+00:00\",\"breadcrumb\":{\"@id\":\"https:\\\/\\\/www.dabox-formation.fr\\\/reinitialiser-le-mot-de-passe\\\/#breadcrumb\"},\"inLanguage\":\"en-US\",\"potentialAction\":[{\"@type\":\"ReadAction\",\"target\":[\"https:\\\/\\\/www.dabox-formation.fr\\\/reinitialiser-le-mot-de-passe\\\/\"]}]},{\"@type\":\"BreadcrumbList\",\"@id\":\"https:\\\/\\\/www.dabox-formation.fr\\\/reinitialiser-le-mot-de-passe\\\/#breadcrumb\",\"itemListElement\":[{\"@type\":\"ListItem\",\"position\":1,\"name\":\"Accueil\",\"item\":\"https:\\\/\\\/www.dabox-formation.fr\\\/\"},{\"@type\":\"ListItem\",\"position\":2,\"name\":\"R\u00e9initialiser le mot de passe\"}]},{\"@type\":\"WebSite\",\"@id\":\"https:\\\/\\\/www.dabox-formation.fr\\\/#website\",\"url\":\"https:\\\/\\\/www.dabox-formation.fr\\\/\",\"name\":\"Dabox Formation | Formation Papeterie Personnalis\u00e9e &amp; Sweet Table DIY\",\"description\":\"De Ta Passion \u00e0 Ton Activit\u00e9 Papeterie Rentable\",\"publisher\":{\"@id\":\"https:\\\/\\\/www.dabox-formation.fr\\\/#organization\"},\"potentialAction\":[{\"@type\":\"SearchAction\",\"target\":{\"@type\":\"EntryPoint\",\"urlTemplate\":\"https:\\\/\\\/www.dabox-formation.fr\\\/?s={search_term_string}\"},\"query-input\":{\"@type\":\"PropertyValueSpecification\",\"valueRequired\":true,\"valueName\":\"search_term_string\"}}],\"inLanguage\":\"en-US\"},{\"@type\":\"Organization\",\"@id\":\"https:\\\/\\\/www.dabox-formation.fr\\\/#organization\",\"name\":\"Dabox Formation | Formation Papeterie Personnalis\u00e9e &amp; Sweet Table DIY\",\"url\":\"https:\\\/\\\/www.dabox-formation.fr\\\/\",\"logo\":{\"@type\":\"ImageObject\",\"inLanguage\":\"en-US\",\"@id\":\"https:\\\/\\\/www.dabox-formation.fr\\\/#\\\/schema\\\/logo\\\/image\\\/\",\"url\":\"https:\\\/\\\/www.dabox-formation.fr\\\/wp-content\\\/uploads\\\/2025\\\/07\\\/Dabox-Logo-mauve-350x100-1.png\",\"contentUrl\":\"https:\\\/\\\/www.dabox-formation.fr\\\/wp-content\\\/uploads\\\/2025\\\/07\\\/Dabox-Logo-mauve-350x100-1.png\",\"width\":350,\"height\":100,\"caption\":\"Dabox Formation | Formation Papeterie Personnalis\u00e9e &amp; Sweet Table DIY\"},\"image\":{\"@id\":\"https:\\\/\\\/www.dabox-formation.fr\\\/#\\\/schema\\\/logo\\\/image\\\/\"}}]}<\/script>\n<!-- \/ Yoast SEO Premium plugin. -->","yoast_head_json":{"title":"R\u00e9initialiser le mot de passe - Dabox Formation | Formation Papeterie Personnalis\u00e9e &amp; Sweet Table DIY","robots":{"index":"index","follow":"follow","max-snippet":"max-snippet:-1","max-image-preview":"max-image-preview:large","max-video-preview":"max-video-preview:-1"},"canonical":"https:\/\/www.dabox-formation.fr\/en\/reinitialiser-le-mot-de-passe\/","og_locale":"en_US","og_type":"article","og_title":"R\u00e9initialiser le mot de passe","og_url":"https:\/\/www.dabox-formation.fr\/en\/reinitialiser-le-mot-de-passe\/","og_site_name":"Dabox Formation | Formation Papeterie Personnalis\u00e9e &amp; Sweet Table DIY","article_modified_time":"2025-12-29T13:16:45+00:00","twitter_card":"summary_large_image","schema":{"@context":"https:\/\/schema.org","@graph":[{"@type":"WebPage","@id":"https:\/\/www.dabox-formation.fr\/reinitialiser-le-mot-de-passe\/","url":"https:\/\/www.dabox-formation.fr\/reinitialiser-le-mot-de-passe\/","name":"R\u00e9initialiser le mot de passe - Dabox Formation | Formation Papeterie Personnalis\u00e9e &amp; Sweet Table DIY","isPartOf":{"@id":"https:\/\/www.dabox-formation.fr\/#website"},"datePublished":"2025-10-31T15:00:51+00:00","dateModified":"2025-12-29T13:16:45+00:00","breadcrumb":{"@id":"https:\/\/www.dabox-formation.fr\/reinitialiser-le-mot-de-passe\/#breadcrumb"},"inLanguage":"en-US","potentialAction":[{"@type":"ReadAction","target":["https:\/\/www.dabox-formation.fr\/reinitialiser-le-mot-de-passe\/"]}]},{"@type":"BreadcrumbList","@id":"https:\/\/www.dabox-formation.fr\/reinitialiser-le-mot-de-passe\/#breadcrumb","itemListElement":[{"@type":"ListItem","position":1,"name":"Accueil","item":"https:\/\/www.dabox-formation.fr\/"},{"@type":"ListItem","position":2,"name":"R\u00e9initialiser le mot de passe"}]},{"@type":"WebSite","@id":"https:\/\/www.dabox-formation.fr\/#website","url":"https:\/\/www.dabox-formation.fr\/","name":"Dabox Formation | Formation Papeterie Personnalis\u00e9e &amp; Sweet Table DIY","description":"De Ta Passion \u00e0 Ton Activit\u00e9 Papeterie Rentable","publisher":{"@id":"https:\/\/www.dabox-formation.fr\/#organization"},"potentialAction":[{"@type":"SearchAction","target":{"@type":"EntryPoint","urlTemplate":"https:\/\/www.dabox-formation.fr\/?s={search_term_string}"},"query-input":{"@type":"PropertyValueSpecification","valueRequired":true,"valueName":"search_term_string"}}],"inLanguage":"en-US"},{"@type":"Organization","@id":"https:\/\/www.dabox-formation.fr\/#organization","name":"Dabox Formation | Formation Papeterie Personnalis\u00e9e &amp; Sweet Table DIY","url":"https:\/\/www.dabox-formation.fr\/","logo":{"@type":"ImageObject","inLanguage":"en-US","@id":"https:\/\/www.dabox-formation.fr\/#\/schema\/logo\/image\/","url":"https:\/\/www.dabox-formation.fr\/wp-content\/uploads\/2025\/07\/Dabox-Logo-mauve-350x100-1.png","contentUrl":"https:\/\/www.dabox-formation.fr\/wp-content\/uploads\/2025\/07\/Dabox-Logo-mauve-350x100-1.png","width":350,"height":100,"caption":"Dabox Formation | Formation Papeterie Personnalis\u00e9e &amp; Sweet Table DIY"},"image":{"@id":"https:\/\/www.dabox-formation.fr\/#\/schema\/logo\/image\/"}}]}},"_links":{"self":[{"href":"https:\/\/www.dabox-formation.fr\/en\/wp-json\/wp\/v2\/pages\/4808","targetHints":{"allow":["GET"]}}],"collection":[{"href":"https:\/\/www.dabox-formation.fr\/en\/wp-json\/wp\/v2\/pages"}],"about":[{"href":"https:\/\/www.dabox-formation.fr\/en\/wp-json\/wp\/v2\/types\/page"}],"author":[{"embeddable":true,"href":"https:\/\/www.dabox-formation.fr\/en\/wp-json\/wp\/v2\/users\/1"}],"replies":[{"embeddable":true,"href":"https:\/\/www.dabox-formation.fr\/en\/wp-json\/wp\/v2\/comments?post=4808"}],"version-history":[{"count":1,"href":"https:\/\/www.dabox-formation.fr\/en\/wp-json\/wp\/v2\/pages\/4808\/revisions"}],"predecessor-version":[{"id":6105,"href":"https:\/\/www.dabox-formation.fr\/en\/wp-json\/wp\/v2\/pages\/4808\/revisions\/6105"}],"wp:attachment":[{"href":"https:\/\/www.dabox-formation.fr\/en\/wp-json\/wp\/v2\/media?parent=4808"}],"curies":[{"name":"wp","href":"https:\/\/api.w.org\/{rel}","templated":true}]}}