{"id":4806,"date":"2025-10-31T16:00:49","date_gmt":"2025-10-31T15:00:49","guid":{"rendered":"https:\/\/www.dabox-formation.fr\/registration\/"},"modified":"2026-01-17T19:55:25","modified_gmt":"2026-01-17T18:55:25","slug":"inscription","status":"publish","type":"page","link":"https:\/\/www.dabox-formation.fr\/en\/inscription\/","title":{"rendered":"Inscription"},"content":{"rendered":"<div class=\"learndash-wrap\"><div class=\"learndash-wrapper ld-registration__outer-wrapper\">\n\t<div class=\"ld-registration__size-wrapper\" style=\"\" >\n\t\t<div\n\t\t\tclass=\"ld-registration__wrapper\"\n\t\t\tdata-js=\"learndash-view\"\n\t\t\tdata-learndash-breakpoints=\"{&quot;breakpoints&quot;:{&quot;mobile&quot;:375,&quot;tablet&quot;:420,&quot;extra-small&quot;:600,&quot;small&quot;:720,&quot;medium&quot;:960,&quot;large&quot;:1240,&quot;wide&quot;:1440}}\"\n\t\t\tdata-learndash-breakpoint-pointer=\"60e6e515-9db7-43db-941b-ead3b0783ad1\"\n\t\t>\n\t\t\t\n\t\t\t\t\t\t\t<div class=\"ld-registration__form\">\n\n\t\t\t\t\t<div class=\"ld-registration__register\">\n\t<h2 class=\"ld-registration__heading ld-registration-register__heading\">\n\t\t\t\t\tRegister\t\t\t<\/h2>\n\n\t<p class=\"ld-registration__p\">\n\t\t\t\t\tAlready have an account?\t\t\t<a class=\"ld-registration__login-link\" role=\"button\" href=\"\">\n\t\t\t\tLog In\t\t\t<\/a>\n\t\t\t<\/p>\n\t<\/div>\n\t\t\t\t\t\t\t\t\t\t<div class=\"ld-registration__login\">\n\t<h2 class=\"ld-registration__heading ld-registration-register__heading\">\n\t\tLog In\t<\/h2>\n\n\t<p class=\"ld-registration__p\">\n\t\t\t\t\tAre you a new user?\t\t\t<a class=\"ld-registration__register-link\" role=\"button\" href=\"https:\/\/www.dabox-formation.fr\/wp-login.php?action=register\">\n\t\t\t\tRegister\t\t\t<\/a>\n\t\t\t<\/p>\n<\/div>\n<div class=\"ld-registration__login-form\">\n\t<form class=\"ld-form\" name=\"loginform\" id=\"loginform\" action=\"https:\/\/www.dabox-formation.fr\/wp-login.php\" method=\"post\"><input id=\"learndash-login-form\" type=\"hidden\" name=\"learndash-login-form\" value=\"696a3ea74b\" \/><p class=\"login-username\">\n\t\t\t\t<label for=\"user_login\">Username or Email Address *<\/label>\n\t\t\t\t<input type=\"text\" name=\"log\" id=\"user_login\" autocomplete=\"username\" class=\"input ld-form__field\" value=\"\" size=\"20\" \/>\n\t\t\t<\/p><p class=\"login-password\">\n\t\t\t\t<label for=\"user_pass\">Password *<\/label>\n\t\t\t\t<input type=\"password\" name=\"pwd\" id=\"user_pass\" autocomplete=\"current-password\" spellcheck=\"false\" class=\"input ld-form__field\" value=\"\" size=\"20\" \/>\n\t\t\t<\/p><div class=\"ld-registration__login_options_wrapper\"><p class=\"login-remember\"><label><input name=\"rememberme\" type=\"checkbox\" id=\"rememberme\" value=\"forever\" \/> Remember Me<\/label><\/p>\t\t<p class=\"ld-registration__forgot-password\">\n\t\t\t<a href=\"https:\/\/www.dabox-formation.fr\/en\/reinitialiser-le-mot-de-passe\/\">\n\t\t\t\tForgot password?\t\t\t<\/a>\n\t\t<\/p>\n\t\t\n<\/div><p class=\"login-submit\">\n\t\t\t\t<input type=\"submit\" name=\"wp-submit\" id=\"wp-submit\" class=\"button button-primary wp-element-button\" value=\"Log In\" \/>\n\t\t\t\t<input type=\"hidden\" name=\"redirect_to\" value=\"https:\/\/www.dabox-formation.fr\/en\/inscription\/\" \/>\n\t\t\t<\/p><\/form><\/div>\n\n\t\t\t\t\t\t\t\t\t\t\t<form\n\tname=\"learndash_registerform\"\n\tid=\"learndash_registerform\"\n\tclass=\"ld-form ld-registration__register-form\"\n\taction=\"https:\/\/www.dabox-formation.fr\/wp-login.php?action=register\"\n\tdata-learndash-validate=\"true\"\n\tmethod=\"post\"\n>\n\t<div class=\"ld-form__field-outer-wrapper learndash-registration-field learndash-registration-field-username learndash-required\">\n\t<label for=\"username\">\n\tPseudo\t\t\t<span class=\"required\">(required)<\/span>\t<\/label>\n\t<div class=\"ld-form__field-wrapper ld-form__field-wrapper--type-text ld-form__field-username-wrapper\">\n\t<input\n\trequired\ttype=\"text\"\n\tid=\"username\"\n\tname=\"user_login\"\n\tvalue=\"\"\n\tclass=\"ld-form__field ld-form__field-user_login ld-form__field--type-text\"\n\t\/>\n<\/div>\n<\/div>\n\t\t\t\t\t\t<div class=\"ld-form__field-outer-wrapper learndash-registration-field learndash-registration-field-email learndash-required\">\n\t<label for=\"email\">\n\tMail\t\t\t<span class=\"required\">(required)<\/span>\t<\/label>\n\t<div class=\"ld-form__field-wrapper ld-form__field-wrapper--type-email ld-form__field-email-wrapper\">\n\t<input\n\trequired\ttype=\"email\"\n\tid=\"email\"\n\tname=\"user_email\"\n\tvalue=\"\"\n\tclass=\"ld-form__field ld-form__field-user_email ld-form__field--type-email\"\n\t\/>\n<\/div>\n<\/div>\n\t\t\t\t\t\t<div class=\"ld-form__field-outer-wrapper learndash-registration-field learndash-registration-field-first_name learndash-required\">\n\t<label for=\"first_name\">\n\tPr\u00e9nom\t\t\t<span class=\"required\">(required)<\/span>\t<\/label>\n\t<div class=\"ld-form__field-wrapper ld-form__field-wrapper--type-text ld-form__field-first_name-wrapper\">\n\t<input\n\trequired\ttype=\"text\"\n\tid=\"first_name\"\n\tname=\"first_name\"\n\tvalue=\"\"\n\tclass=\"ld-form__field ld-form__field-first_name ld-form__field--type-text\"\n\t\/>\n<\/div>\n<\/div>\n\t\t\t\t\t\t<div class=\"ld-form__field-outer-wrapper learndash-registration-field learndash-registration-field-last_name learndash-required\">\n\t<label for=\"last_name\">\n\tNom\t\t\t<span class=\"required\">(required)<\/span>\t<\/label>\n\t<div class=\"ld-form__field-wrapper ld-form__field-wrapper--type-text ld-form__field-last_name-wrapper\">\n\t<input\n\trequired\ttype=\"text\"\n\tid=\"last_name\"\n\tname=\"last_name\"\n\tvalue=\"\"\n\tclass=\"ld-form__field ld-form__field-last_name ld-form__field--type-text\"\n\t\/>\n<\/div>\n<\/div>\n\t\t\t\t\t\t<div class=\"ld-form__field-outer-wrapper learndash-registration-field learndash-registration-field-password learndash-required\">\n\t<label for=\"password\">\n\tMot de passe\t\t\t<span class=\"required\">(required)<\/span>\t<\/label>\n\t<div class=\"ld-form__field-wrapper ld-form__field-wrapper--type-password ld-form__field-password-wrapper\">\n\t<input\n\trequired\ttype=\"password\"\n\tid=\"password\"\n\tname=\"password\"\n\tvalue=\"\"\n\tclass=\"ld-form__field ld-form__field-password ld-form__field--type-password ld-form__field--needs-password-strength\"\n\taria-describedby=\"ld-password-strength__meter\"\/>\n\t<button\n\t\ttype=\"button\"\n\t\tclass=\"ld-button ld-button--secondary ld-button--border ld-button__password-visibility-toggle ld--ignore-inline-css\"\n\t\taria-label=\"Toggle password visibility\"\n\t\taria-live=\"polite\"\n\t>\n\t\tShow\t<\/button>\n<\/div>\n<\/div>\n\t\t\t\t\t\t\t<p class=\"ld-password-strength__hint\">\n\t\t\t\t\tA medium-strength password is needed to register. Tip: Try at least 12 characters long containing letters, numbers, and special characters.\t\t\t\t<\/p>\n\t\t\t\t\t\t<div class=\"ld-terms-checkboxes\">\n\t\t\t<div class=\"ld-form__field-wrapper\">\n\t\t\t<label for=\"ld-terms-checkbox\">\n\t\t\t\t<input\n\t\t\t\t\tdata-learndash-validate-error=\"Please indicate that you have reviewed and agree to Conditions d&#039;utilisation\"\n\t\t\t\t\tid=\"ld-terms-checkbox\"\n\t\t\t\t\tname=\"terms_checkbox\"\n\t\t\t\t\trequired=\"required\"\n\t\t\t\t\ttype=\"checkbox\"\n\t\t\t\t\/>\n\t\t\t\t<span class=\"ld-terms-checkboxes__terms-text\">\n\t\t\t\t\tI have reviewed and agree to <a href=\"https:\/\/www.dabox-formation.fr\/en\/conditions-generales\/\" target=\"_blank\">Conditions d&#039;utilisation<\/a> *\t\t\t\t<\/span>\n\t\t\t<\/label>\n\t\t<\/div>\n\t\t\t\t<div class=\"ld-form__field-wrapper\">\n\t\t\t<label for=\"ld-privacy-checkbox\">\n\t\t\t\t<input\n\t\t\t\t\tdata-learndash-validate-error=\"Please indicate that you have reviewed and agree to Politique de confidentialit\u00e9\"\n\t\t\t\t\tid=\"ld-privacy-checkbox\"\n\t\t\t\t\tname=\"privacy_checkbox\"\n\t\t\t\t\trequired=\"required\"\n\t\t\t\t\ttype=\"checkbox\"\n\t\t\t\t\/>\n\t\t\t\t<span class=\"ld-terms-checkboxes__terms-text\">\n\t\t\t\t\tI have reviewed and agree to <a href=\"https:\/\/www.dabox-formation.fr\/en\/politique-de-cookies-ue\/\" target=\"_blank\">Politique de confidentialit\u00e9<\/a> *\t\t\t\t<\/span>\n\t\t\t<\/label>\n\t\t<\/div>\n\t<\/div>\n\t<input name=\"ld_register_id\" value=\"0\" type=\"hidden\" \/>\n\t<input type=\"hidden\" name=\"learndash-registration-form\" value=\"670a9335ea\" \/>\n\t<input type=\"hidden\" name=\"redirect_to\" value=\"https:\/\/www.dabox-formation.fr\/en\/inscription\/?ld-registered=true&#038;ld_register_id=0\" \/>\n\t<p class=\"ld-registration__register-submit-wrapper\">\n\t\t<input\n\t\t\ttype=\"submit\"\n\t\t\tname=\"wp-submit\"\n\t\t\tid=\"wp-submit-register\"\n\t\t\tclass=\"button button-primary button-large wp-element-button\"\n\t\t\tvalue=\"Register\"\n\t\t\/>\n\t<\/p>\n<\/form>\n\t\t\t\t\t\t\t\t\t<\/div>\n\t\t\t\n\t\t\t\t\t<\/div>\n\t<\/div>\n<\/div>\n<script class=\"learndash-breakpoints\">\n\t( function () {\n\t\tlet completed = false;\n\n\t\t\/**\n\t\t * Initializes the LearnDash Breakpoints.\n\t\t *\n\t\t * @since 4.16.0\n\t\t *\/\n\t\tfunction initBreakpoints() {\n\t\t\tif ( completed ) {\n\t\t\t\t\/\/ This was fired already and completed no need to attach to the event listener.\n\t\t\t\tdocument.removeEventListener( 'DOMContentLoaded', initBreakpoints );\n\t\t\t\treturn;\n\t\t\t}\n\n\t\t\tif (\n\t\t\t\t'undefined' === typeof window.learndash ||\n\t\t\t\t'undefined' === typeof window.learndash.views ||\n\t\t\t\t'undefined' === typeof window.learndash.views.breakpoints ||\n\t\t\t\t'function' !== typeof (window.learndash.views.breakpoints.setup)\n\t\t\t) {\n\t\t\t\treturn;\n\t\t\t}\n\n\t\t\tconst container = document.querySelector(\n\t\t\t\t'[data-learndash-breakpoint-pointer=\"60e6e515-9db7-43db-941b-ead3b0783ad1\"]'\n\t\t\t);\n\n\t\t\tif ( ! container ) {\n\t\t\t\treturn;\n\t\t\t}\n\n\t\t\twindow.learndash.views.breakpoints.setup( container );\n\t\t\tcompleted = true;\n\t\t\t\/\/ This was fired already and completed no need to attach to the event listener.\n\t\t\tdocument.removeEventListener( 'DOMContentLoaded', initBreakpoints );\n\t\t}\n\n\t\t\/\/ Try to init the breakpoints right away.\n\t\tinitBreakpoints();\n\t\tdocument.addEventListener( 'DOMContentLoaded', initBreakpoints );\n\t})();\n<\/script>\n<\/div>","protected":false},"excerpt":{"rendered":"","protected":false},"author":1,"featured_media":0,"parent":0,"menu_order":0,"comment_status":"closed","ping_status":"closed","template":"","meta":{"site-sidebar-layout":"default","site-content-layout":"","ast-site-content-layout":"default","site-content-style":"default","site-sidebar-style":"default","ast-global-header-display":"","ast-banner-title-visibility":"","ast-main-header-display":"","ast-hfb-above-header-display":"","ast-hfb-below-header-display":"","ast-hfb-mobile-header-display":"","site-post-title":"","ast-breadcrumbs-content":"","ast-featured-img":"","footer-sml-layout":"","ast-disable-related-posts":"","theme-transparent-header-meta":"","adv-header-id-meta":"","stick-header-meta":"","header-above-stick-meta":"","header-main-stick-meta":"","header-below-stick-meta":"","astra-migrate-meta-layouts":"default","ast-page-background-enabled":"default","ast-page-background-meta":{"desktop":{"background-color":"var(--ast-global-color-5)","background-image":"","background-repeat":"repeat","background-position":"center center","background-size":"auto","background-attachment":"scroll","background-type":"","background-media":"","overlay-type":"","overlay-color":"","overlay-opacity":"","overlay-gradient":""},"tablet":{"background-color":"","background-image":"","background-repeat":"repeat","background-position":"center center","background-size":"auto","background-attachment":"scroll","background-type":"","background-media":"","overlay-type":"","overlay-color":"","overlay-opacity":"","overlay-gradient":""},"mobile":{"background-color":"","background-image":"","background-repeat":"repeat","background-position":"center center","background-size":"auto","background-attachment":"scroll","background-type":"","background-media":"","overlay-type":"","overlay-color":"","overlay-opacity":"","overlay-gradient":""}},"ast-content-background-meta":{"desktop":{"background-color":"var(--ast-global-color-4)","background-image":"","background-repeat":"repeat","background-position":"center center","background-size":"auto","background-attachment":"scroll","background-type":"","background-media":"","overlay-type":"","overlay-color":"","overlay-opacity":"","overlay-gradient":""},"tablet":{"background-color":"var(--ast-global-color-4)","background-image":"","background-repeat":"repeat","background-position":"center center","background-size":"auto","background-attachment":"scroll","background-type":"","background-media":"","overlay-type":"","overlay-color":"","overlay-opacity":"","overlay-gradient":""},"mobile":{"background-color":"var(--ast-global-color-4)","background-image":"","background-repeat":"repeat","background-position":"center center","background-size":"auto","background-attachment":"scroll","background-type":"","background-media":"","overlay-type":"","overlay-color":"","overlay-opacity":"","overlay-gradient":""}},"footnotes":""},"class_list":["post-4806","page","type-page","status-publish","hentry"],"yoast_head":"<!-- This site is optimized with the Yoast SEO Premium plugin v25.0 (Yoast SEO v27.5) - https:\/\/yoast.com\/product\/yoast-seo-premium-wordpress\/ -->\n<title>Inscription - Dabox Formation | Formation Papeterie Personnalis\u00e9e &amp; Sweet Table DIY<\/title>\n<meta name=\"robots\" content=\"index, follow, max-snippet:-1, max-image-preview:large, max-video-preview:-1\" \/>\n<link rel=\"canonical\" href=\"https:\/\/www.dabox-formation.fr\/en\/inscription\/\" \/>\n<meta property=\"og:locale\" content=\"en_US\" \/>\n<meta property=\"og:type\" content=\"article\" \/>\n<meta property=\"og:title\" content=\"Inscription\" \/>\n<meta property=\"og:url\" content=\"https:\/\/www.dabox-formation.fr\/en\/inscription\/\" \/>\n<meta property=\"og:site_name\" content=\"Dabox Formation | Formation Papeterie Personnalis\u00e9e &amp; Sweet Table DIY\" \/>\n<meta property=\"article:modified_time\" content=\"2026-01-17T18:55:25+00:00\" \/>\n<meta name=\"twitter:card\" content=\"summary_large_image\" \/>\n<script type=\"application\/ld+json\" class=\"yoast-schema-graph\">{\"@context\":\"https:\\\/\\\/schema.org\",\"@graph\":[{\"@type\":\"WebPage\",\"@id\":\"https:\\\/\\\/www.dabox-formation.fr\\\/inscription\\\/\",\"url\":\"https:\\\/\\\/www.dabox-formation.fr\\\/inscription\\\/\",\"name\":\"Inscription - Dabox Formation | Formation Papeterie Personnalis\u00e9e &amp; Sweet Table DIY\",\"isPartOf\":{\"@id\":\"https:\\\/\\\/www.dabox-formation.fr\\\/#website\"},\"datePublished\":\"2025-10-31T15:00:49+00:00\",\"dateModified\":\"2026-01-17T18:55:25+00:00\",\"breadcrumb\":{\"@id\":\"https:\\\/\\\/www.dabox-formation.fr\\\/inscription\\\/#breadcrumb\"},\"inLanguage\":\"en-US\",\"potentialAction\":[{\"@type\":\"ReadAction\",\"target\":[\"https:\\\/\\\/www.dabox-formation.fr\\\/inscription\\\/\"]}]},{\"@type\":\"BreadcrumbList\",\"@id\":\"https:\\\/\\\/www.dabox-formation.fr\\\/inscription\\\/#breadcrumb\",\"itemListElement\":[{\"@type\":\"ListItem\",\"position\":1,\"name\":\"Accueil\",\"item\":\"https:\\\/\\\/www.dabox-formation.fr\\\/\"},{\"@type\":\"ListItem\",\"position\":2,\"name\":\"Inscription\"}]},{\"@type\":\"WebSite\",\"@id\":\"https:\\\/\\\/www.dabox-formation.fr\\\/#website\",\"url\":\"https:\\\/\\\/www.dabox-formation.fr\\\/\",\"name\":\"Dabox Formation | Formation Papeterie Personnalis\u00e9e &amp; Sweet Table DIY\",\"description\":\"De Ta Passion \u00e0 Ton Activit\u00e9 Papeterie Rentable\",\"publisher\":{\"@id\":\"https:\\\/\\\/www.dabox-formation.fr\\\/#organization\"},\"potentialAction\":[{\"@type\":\"SearchAction\",\"target\":{\"@type\":\"EntryPoint\",\"urlTemplate\":\"https:\\\/\\\/www.dabox-formation.fr\\\/?s={search_term_string}\"},\"query-input\":{\"@type\":\"PropertyValueSpecification\",\"valueRequired\":true,\"valueName\":\"search_term_string\"}}],\"inLanguage\":\"en-US\"},{\"@type\":\"Organization\",\"@id\":\"https:\\\/\\\/www.dabox-formation.fr\\\/#organization\",\"name\":\"Dabox Formation | Formation Papeterie Personnalis\u00e9e &amp; Sweet Table DIY\",\"url\":\"https:\\\/\\\/www.dabox-formation.fr\\\/\",\"logo\":{\"@type\":\"ImageObject\",\"inLanguage\":\"en-US\",\"@id\":\"https:\\\/\\\/www.dabox-formation.fr\\\/#\\\/schema\\\/logo\\\/image\\\/\",\"url\":\"https:\\\/\\\/www.dabox-formation.fr\\\/wp-content\\\/uploads\\\/2025\\\/07\\\/Dabox-Logo-mauve-350x100-1.png\",\"contentUrl\":\"https:\\\/\\\/www.dabox-formation.fr\\\/wp-content\\\/uploads\\\/2025\\\/07\\\/Dabox-Logo-mauve-350x100-1.png\",\"width\":350,\"height\":100,\"caption\":\"Dabox Formation | Formation Papeterie Personnalis\u00e9e &amp; Sweet Table DIY\"},\"image\":{\"@id\":\"https:\\\/\\\/www.dabox-formation.fr\\\/#\\\/schema\\\/logo\\\/image\\\/\"}}]}<\/script>\n<!-- \/ Yoast SEO Premium plugin. -->","yoast_head_json":{"title":"Inscription - Dabox Formation | Formation Papeterie Personnalis\u00e9e &amp; Sweet Table DIY","robots":{"index":"index","follow":"follow","max-snippet":"max-snippet:-1","max-image-preview":"max-image-preview:large","max-video-preview":"max-video-preview:-1"},"canonical":"https:\/\/www.dabox-formation.fr\/en\/inscription\/","og_locale":"en_US","og_type":"article","og_title":"Inscription","og_url":"https:\/\/www.dabox-formation.fr\/en\/inscription\/","og_site_name":"Dabox Formation | Formation Papeterie Personnalis\u00e9e &amp; Sweet Table DIY","article_modified_time":"2026-01-17T18:55:25+00:00","twitter_card":"summary_large_image","schema":{"@context":"https:\/\/schema.org","@graph":[{"@type":"WebPage","@id":"https:\/\/www.dabox-formation.fr\/inscription\/","url":"https:\/\/www.dabox-formation.fr\/inscription\/","name":"Inscription - Dabox Formation | Formation Papeterie Personnalis\u00e9e &amp; Sweet Table DIY","isPartOf":{"@id":"https:\/\/www.dabox-formation.fr\/#website"},"datePublished":"2025-10-31T15:00:49+00:00","dateModified":"2026-01-17T18:55:25+00:00","breadcrumb":{"@id":"https:\/\/www.dabox-formation.fr\/inscription\/#breadcrumb"},"inLanguage":"en-US","potentialAction":[{"@type":"ReadAction","target":["https:\/\/www.dabox-formation.fr\/inscription\/"]}]},{"@type":"BreadcrumbList","@id":"https:\/\/www.dabox-formation.fr\/inscription\/#breadcrumb","itemListElement":[{"@type":"ListItem","position":1,"name":"Accueil","item":"https:\/\/www.dabox-formation.fr\/"},{"@type":"ListItem","position":2,"name":"Inscription"}]},{"@type":"WebSite","@id":"https:\/\/www.dabox-formation.fr\/#website","url":"https:\/\/www.dabox-formation.fr\/","name":"Dabox Formation | Formation Papeterie Personnalis\u00e9e &amp; Sweet Table DIY","description":"De Ta Passion \u00e0 Ton Activit\u00e9 Papeterie Rentable","publisher":{"@id":"https:\/\/www.dabox-formation.fr\/#organization"},"potentialAction":[{"@type":"SearchAction","target":{"@type":"EntryPoint","urlTemplate":"https:\/\/www.dabox-formation.fr\/?s={search_term_string}"},"query-input":{"@type":"PropertyValueSpecification","valueRequired":true,"valueName":"search_term_string"}}],"inLanguage":"en-US"},{"@type":"Organization","@id":"https:\/\/www.dabox-formation.fr\/#organization","name":"Dabox Formation | Formation Papeterie Personnalis\u00e9e &amp; Sweet Table DIY","url":"https:\/\/www.dabox-formation.fr\/","logo":{"@type":"ImageObject","inLanguage":"en-US","@id":"https:\/\/www.dabox-formation.fr\/#\/schema\/logo\/image\/","url":"https:\/\/www.dabox-formation.fr\/wp-content\/uploads\/2025\/07\/Dabox-Logo-mauve-350x100-1.png","contentUrl":"https:\/\/www.dabox-formation.fr\/wp-content\/uploads\/2025\/07\/Dabox-Logo-mauve-350x100-1.png","width":350,"height":100,"caption":"Dabox Formation | Formation Papeterie Personnalis\u00e9e &amp; Sweet Table DIY"},"image":{"@id":"https:\/\/www.dabox-formation.fr\/#\/schema\/logo\/image\/"}}]}},"_links":{"self":[{"href":"https:\/\/www.dabox-formation.fr\/en\/wp-json\/wp\/v2\/pages\/4806","targetHints":{"allow":["GET"]}}],"collection":[{"href":"https:\/\/www.dabox-formation.fr\/en\/wp-json\/wp\/v2\/pages"}],"about":[{"href":"https:\/\/www.dabox-formation.fr\/en\/wp-json\/wp\/v2\/types\/page"}],"author":[{"embeddable":true,"href":"https:\/\/www.dabox-formation.fr\/en\/wp-json\/wp\/v2\/users\/1"}],"replies":[{"embeddable":true,"href":"https:\/\/www.dabox-formation.fr\/en\/wp-json\/wp\/v2\/comments?post=4806"}],"version-history":[{"count":1,"href":"https:\/\/www.dabox-formation.fr\/en\/wp-json\/wp\/v2\/pages\/4806\/revisions"}],"predecessor-version":[{"id":6095,"href":"https:\/\/www.dabox-formation.fr\/en\/wp-json\/wp\/v2\/pages\/4806\/revisions\/6095"}],"wp:attachment":[{"href":"https:\/\/www.dabox-formation.fr\/en\/wp-json\/wp\/v2\/media?parent=4806"}],"curies":[{"name":"wp","href":"https:\/\/api.w.org\/{rel}","templated":true}]}}