{"id":149,"date":"2025-07-03T14:28:43","date_gmt":"2025-07-03T12:28:43","guid":{"rendered":"https:\/\/www.dabox-formation.fr\/tableau-de-bord\/"},"modified":"2025-07-03T14:28:43","modified_gmt":"2025-07-03T12:28:43","slug":"tableau-de-bord","status":"publish","type":"page","link":"https:\/\/www.dabox-formation.fr\/en\/tableau-de-bord\/","title":{"rendered":"Tableau de bord"},"content":{"rendered":"","protected":false},"excerpt":{"rendered":"","protected":false},"author":1,"featured_media":0,"parent":0,"menu_order":0,"comment_status":"closed","ping_status":"closed","template":"","meta":{"site-sidebar-layout":"default","site-content-layout":"","ast-site-content-layout":"default","site-content-style":"default","site-sidebar-style":"default","ast-global-header-display":"","ast-banner-title-visibility":"","ast-main-header-display":"","ast-hfb-above-header-display":"","ast-hfb-below-header-display":"","ast-hfb-mobile-header-display":"","site-post-title":"","ast-breadcrumbs-content":"","ast-featured-img":"","footer-sml-layout":"","ast-disable-related-posts":"","theme-transparent-header-meta":"","adv-header-id-meta":"","stick-header-meta":"","header-above-stick-meta":"","header-main-stick-meta":"","header-below-stick-meta":"","astra-migrate-meta-layouts":"default","ast-page-background-enabled":"default","ast-page-background-meta":{"desktop":{"background-color":"var(--ast-global-color-5)","background-image":"","background-repeat":"repeat","background-position":"center center","background-size":"auto","background-attachment":"scroll","background-type":"","background-media":"","overlay-type":"","overlay-color":"","overlay-opacity":"","overlay-gradient":""},"tablet":{"background-color":"","background-image":"","background-repeat":"repeat","background-position":"center center","background-size":"auto","background-attachment":"scroll","background-type":"","background-media":"","overlay-type":"","overlay-color":"","overlay-opacity":"","overlay-gradient":""},"mobile":{"background-color":"","background-image":"","background-repeat":"repeat","background-position":"center center","background-size":"auto","background-attachment":"scroll","background-type":"","background-media":"","overlay-type":"","overlay-color":"","overlay-opacity":"","overlay-gradient":""}},"ast-content-background-meta":{"desktop":{"background-color":"var(--ast-global-color-4)","background-image":"","background-repeat":"repeat","background-position":"center center","background-size":"auto","background-attachment":"scroll","background-type":"","background-media":"","overlay-type":"","overlay-color":"","overlay-opacity":"","overlay-gradient":""},"tablet":{"background-color":"var(--ast-global-color-4)","background-image":"","background-repeat":"repeat","background-position":"center center","background-size":"auto","background-attachment":"scroll","background-type":"","background-media":"","overlay-type":"","overlay-color":"","overlay-opacity":"","overlay-gradient":""},"mobile":{"background-color":"var(--ast-global-color-4)","background-image":"","background-repeat":"repeat","background-position":"center center","background-size":"auto","background-attachment":"scroll","background-type":"","background-media":"","overlay-type":"","overlay-color":"","overlay-opacity":"","overlay-gradient":""}},"footnotes":""},"class_list":["post-149","page","type-page","status-publish","hentry"],"yoast_head":"<!-- This site is optimized with the Yoast SEO Premium plugin v25.0 (Yoast SEO v27.5) - https:\/\/yoast.com\/product\/yoast-seo-premium-wordpress\/ -->\n<title>Tableau de bord - Dabox Formation | Formation Papeterie Personnalis\u00e9e &amp; Sweet Table DIY<\/title>\n<meta name=\"robots\" content=\"index, follow, max-snippet:-1, max-image-preview:large, max-video-preview:-1\" \/>\n<link rel=\"canonical\" href=\"https:\/\/www.dabox-formation.fr\/en\/tableau-de-bord\/\" \/>\n<meta property=\"og:locale\" content=\"en_US\" \/>\n<meta property=\"og:type\" content=\"article\" \/>\n<meta property=\"og:title\" content=\"Tableau de bord\" \/>\n<meta property=\"og:url\" content=\"https:\/\/www.dabox-formation.fr\/en\/tableau-de-bord\/\" \/>\n<meta property=\"og:site_name\" content=\"Dabox Formation | Formation Papeterie Personnalis\u00e9e &amp; Sweet Table DIY\" \/>\n<meta name=\"twitter:card\" content=\"summary_large_image\" \/>\n<script type=\"application\/ld+json\" class=\"yoast-schema-graph\">{\"@context\":\"https:\\\/\\\/schema.org\",\"@graph\":[{\"@type\":\"WebPage\",\"@id\":\"https:\\\/\\\/www.dabox-formation.fr\\\/tableau-de-bord\\\/\",\"url\":\"https:\\\/\\\/www.dabox-formation.fr\\\/tableau-de-bord\\\/\",\"name\":\"Tableau de bord - Dabox Formation | Formation Papeterie Personnalis\u00e9e &amp; Sweet Table DIY\",\"isPartOf\":{\"@id\":\"https:\\\/\\\/www.dabox-formation.fr\\\/#website\"},\"datePublished\":\"2025-07-03T12:28:43+00:00\",\"breadcrumb\":{\"@id\":\"https:\\\/\\\/www.dabox-formation.fr\\\/tableau-de-bord\\\/#breadcrumb\"},\"inLanguage\":\"en-US\",\"potentialAction\":[{\"@type\":\"ReadAction\",\"target\":[\"https:\\\/\\\/www.dabox-formation.fr\\\/tableau-de-bord\\\/\"]}]},{\"@type\":\"BreadcrumbList\",\"@id\":\"https:\\\/\\\/www.dabox-formation.fr\\\/tableau-de-bord\\\/#breadcrumb\",\"itemListElement\":[{\"@type\":\"ListItem\",\"position\":1,\"name\":\"Accueil\",\"item\":\"https:\\\/\\\/www.dabox-formation.fr\\\/\"},{\"@type\":\"ListItem\",\"position\":2,\"name\":\"Tableau de bord\"}]},{\"@type\":\"WebSite\",\"@id\":\"https:\\\/\\\/www.dabox-formation.fr\\\/#website\",\"url\":\"https:\\\/\\\/www.dabox-formation.fr\\\/\",\"name\":\"Dabox Formation | Formation Papeterie Personnalis\u00e9e &amp; Sweet Table DIY\",\"description\":\"De Ta Passion \u00e0 Ton Activit\u00e9 Papeterie Rentable\",\"publisher\":{\"@id\":\"https:\\\/\\\/www.dabox-formation.fr\\\/#organization\"},\"potentialAction\":[{\"@type\":\"SearchAction\",\"target\":{\"@type\":\"EntryPoint\",\"urlTemplate\":\"https:\\\/\\\/www.dabox-formation.fr\\\/?s={search_term_string}\"},\"query-input\":{\"@type\":\"PropertyValueSpecification\",\"valueRequired\":true,\"valueName\":\"search_term_string\"}}],\"inLanguage\":\"en-US\"},{\"@type\":\"Organization\",\"@id\":\"https:\\\/\\\/www.dabox-formation.fr\\\/#organization\",\"name\":\"Dabox Formation | Formation Papeterie Personnalis\u00e9e &amp; Sweet Table DIY\",\"url\":\"https:\\\/\\\/www.dabox-formation.fr\\\/\",\"logo\":{\"@type\":\"ImageObject\",\"inLanguage\":\"en-US\",\"@id\":\"https:\\\/\\\/www.dabox-formation.fr\\\/#\\\/schema\\\/logo\\\/image\\\/\",\"url\":\"https:\\\/\\\/www.dabox-formation.fr\\\/wp-content\\\/uploads\\\/2025\\\/07\\\/Dabox-Logo-mauve-350x100-1.png\",\"contentUrl\":\"https:\\\/\\\/www.dabox-formation.fr\\\/wp-content\\\/uploads\\\/2025\\\/07\\\/Dabox-Logo-mauve-350x100-1.png\",\"width\":350,\"height\":100,\"caption\":\"Dabox Formation | Formation Papeterie Personnalis\u00e9e &amp; Sweet Table DIY\"},\"image\":{\"@id\":\"https:\\\/\\\/www.dabox-formation.fr\\\/#\\\/schema\\\/logo\\\/image\\\/\"}}]}<\/script>\n<!-- \/ Yoast SEO Premium plugin. -->","yoast_head_json":{"title":"Tableau de bord - Dabox Formation | Formation Papeterie Personnalis\u00e9e &amp; Sweet Table DIY","robots":{"index":"index","follow":"follow","max-snippet":"max-snippet:-1","max-image-preview":"max-image-preview:large","max-video-preview":"max-video-preview:-1"},"canonical":"https:\/\/www.dabox-formation.fr\/en\/tableau-de-bord\/","og_locale":"en_US","og_type":"article","og_title":"Tableau de bord","og_url":"https:\/\/www.dabox-formation.fr\/en\/tableau-de-bord\/","og_site_name":"Dabox Formation | Formation Papeterie Personnalis\u00e9e &amp; Sweet Table DIY","twitter_card":"summary_large_image","schema":{"@context":"https:\/\/schema.org","@graph":[{"@type":"WebPage","@id":"https:\/\/www.dabox-formation.fr\/tableau-de-bord\/","url":"https:\/\/www.dabox-formation.fr\/tableau-de-bord\/","name":"Tableau de bord - Dabox Formation | Formation Papeterie Personnalis\u00e9e &amp; Sweet Table DIY","isPartOf":{"@id":"https:\/\/www.dabox-formation.fr\/#website"},"datePublished":"2025-07-03T12:28:43+00:00","breadcrumb":{"@id":"https:\/\/www.dabox-formation.fr\/tableau-de-bord\/#breadcrumb"},"inLanguage":"en-US","potentialAction":[{"@type":"ReadAction","target":["https:\/\/www.dabox-formation.fr\/tableau-de-bord\/"]}]},{"@type":"BreadcrumbList","@id":"https:\/\/www.dabox-formation.fr\/tableau-de-bord\/#breadcrumb","itemListElement":[{"@type":"ListItem","position":1,"name":"Accueil","item":"https:\/\/www.dabox-formation.fr\/"},{"@type":"ListItem","position":2,"name":"Tableau de bord"}]},{"@type":"WebSite","@id":"https:\/\/www.dabox-formation.fr\/#website","url":"https:\/\/www.dabox-formation.fr\/","name":"Dabox Formation | Formation Papeterie Personnalis\u00e9e &amp; Sweet Table DIY","description":"De Ta Passion \u00e0 Ton Activit\u00e9 Papeterie Rentable","publisher":{"@id":"https:\/\/www.dabox-formation.fr\/#organization"},"potentialAction":[{"@type":"SearchAction","target":{"@type":"EntryPoint","urlTemplate":"https:\/\/www.dabox-formation.fr\/?s={search_term_string}"},"query-input":{"@type":"PropertyValueSpecification","valueRequired":true,"valueName":"search_term_string"}}],"inLanguage":"en-US"},{"@type":"Organization","@id":"https:\/\/www.dabox-formation.fr\/#organization","name":"Dabox Formation | Formation Papeterie Personnalis\u00e9e &amp; Sweet Table DIY","url":"https:\/\/www.dabox-formation.fr\/","logo":{"@type":"ImageObject","inLanguage":"en-US","@id":"https:\/\/www.dabox-formation.fr\/#\/schema\/logo\/image\/","url":"https:\/\/www.dabox-formation.fr\/wp-content\/uploads\/2025\/07\/Dabox-Logo-mauve-350x100-1.png","contentUrl":"https:\/\/www.dabox-formation.fr\/wp-content\/uploads\/2025\/07\/Dabox-Logo-mauve-350x100-1.png","width":350,"height":100,"caption":"Dabox Formation | Formation Papeterie Personnalis\u00e9e &amp; Sweet Table DIY"},"image":{"@id":"https:\/\/www.dabox-formation.fr\/#\/schema\/logo\/image\/"}}]}},"_links":{"self":[{"href":"https:\/\/www.dabox-formation.fr\/en\/wp-json\/wp\/v2\/pages\/149","targetHints":{"allow":["GET"]}}],"collection":[{"href":"https:\/\/www.dabox-formation.fr\/en\/wp-json\/wp\/v2\/pages"}],"about":[{"href":"https:\/\/www.dabox-formation.fr\/en\/wp-json\/wp\/v2\/types\/page"}],"author":[{"embeddable":true,"href":"https:\/\/www.dabox-formation.fr\/en\/wp-json\/wp\/v2\/users\/1"}],"replies":[{"embeddable":true,"href":"https:\/\/www.dabox-formation.fr\/en\/wp-json\/wp\/v2\/comments?post=149"}],"version-history":[{"count":0,"href":"https:\/\/www.dabox-formation.fr\/en\/wp-json\/wp\/v2\/pages\/149\/revisions"}],"wp:attachment":[{"href":"https:\/\/www.dabox-formation.fr\/en\/wp-json\/wp\/v2\/media?parent=149"}],"curies":[{"name":"wp","href":"https:\/\/api.w.org\/{rel}","templated":true}]}}